{"id":8409,"date":"2025-09-15T15:30:34","date_gmt":"2025-09-25T13:13:35","guid":{"rendered":"https:\/\/ehh.ro\/?post_type=product&#038;p=8409"},"modified":"2025-09-25T15:13:35","modified_gmt":"2025-09-25T13:13:35","slug":"muzica-dansul-si-jocurile-populare-adaptarea-traditiilor-proprii-in-educatie","status":"publish","type":"product","link":"https:\/\/ehh.ro\/ro\/product\/muzica-dansul-si-jocurile-populare-adaptarea-traditiilor-proprii-in-educatie\/","title":{"rendered":"Muzica, dansul \u0219i jocurile populare \/ Adaptarea tradi\u021biilor proprii \u00een educa\u021bie"},"content":{"rendered":"<p>Curs de formare continu\u0103 acreditat pentru cadrele didactice, pe tema jocurilor populare pentru copii, dansului \u0219i muzicii populare \u00een limba maghiar\u0103.<\/p>\n<p><span style=\"font-weight: 400;\">Scopul cursului de formare continu\u0103 acreditat este integrarea eficient\u0103 a acestor valori comunitare \u0219i tradi\u021bionale \u00een procesul educa\u021bional \u0219colar.<\/span><\/p>\n<h3><b>De ce este important acest curs?<\/b><\/h3>\n<p><span style=\"font-weight: 400;\">Ast\u0103zi este o nevoie deosebit de mare ca elevii no\u0219tri s\u0103 cunoasc\u0103 \u0219i s\u0103 p\u0103streze patrimoniul nostru cultural. Jocurile populare, dansul \u0219i muzica tradi\u021bional\u0103 nu ofer\u0103 doar o modalitate pl\u0103cut\u0103 de petrecere a timpului, ci au \u0219i o valoare pedagogic\u0103 inestimabil\u0103.<\/span><\/p>\n<ul>\n<li style=\"font-weight: 400;\" aria-level=\"1\"><b>Dezvolt\u0103 creativitatea \u0219i imagina\u021bia:<\/b><span style=\"font-weight: 400;\"> jocurile tradi\u021bionale \u00eei stimuleaz\u0103 pe copii s\u0103 g\u00e2ndeasc\u0103 independent \u0219i s\u0103-\u0219i foloseasc\u0103 fantezia.<\/span><span style=\"font-weight: 400;\">\n<p><\/span><\/li>\n<li style=\"font-weight: 400;\" aria-level=\"1\"><b>\u00cent\u0103resc spiritul de comunitate:<\/b><span style=\"font-weight: 400;\"> prin joc \u0219i dans \u00een comun, copiii \u00eenva\u021b\u0103 s\u0103 coopereze, s\u0103 fie aten\u021bi unii la al\u021bii \u0219i s\u0103 accepte diferen\u021bele.<\/span><span style=\"font-weight: 400;\">\n<p><\/span><\/li>\n<li style=\"font-weight: 400;\" aria-level=\"1\"><b>\u00cembun\u0103t\u0103\u021besc coordonarea mi\u0219c\u0103rilor \u0219i sim\u021bul ritmic:<\/b><span style=\"font-weight: 400;\"> dansul popular \u0219i muzica tradi\u021bional\u0103 \u00eei \u00eencurajeaz\u0103 pe copii s\u0103 participe activ, dezvolt\u00e2nd at\u00e2t abilit\u0103\u021bi motorii fine, c\u00e2t \u0219i grosiere.<\/span><span style=\"font-weight: 400;\">\n<p><\/span><\/li>\n<li style=\"font-weight: 400;\" aria-level=\"1\"><b>\u00cembog\u0103\u021besc vocabularul \u0219i capacitatea de exprimare:<\/b><span style=\"font-weight: 400;\"> rimele \u0219i c\u00e2ntecele asociate jocurilor contribuie la dezvoltarea limbajului.<\/span><span style=\"font-weight: 400;\">\n<p><\/span><\/li>\n<li style=\"font-weight: 400;\" aria-level=\"1\"><b>Sprijin\u0103 p\u0103strarea \u0219i transmiterea tradi\u021biilor:<\/b><span style=\"font-weight: 400;\"> cuno\u0219tin\u021bele dob\u00e2ndite \u00een cadrul form\u0103rii \u00eei ajut\u0103 pe participan\u021bi s\u0103 contribuie activ la familiarizarea \u0219i apropierea noilor genera\u021bii de valorile culturii populare maghiare din Transilvania.<\/span><span style=\"font-weight: 400;\">\n<p><\/span><\/li>\n<\/ul>\n<h3><b>De ce merit\u0103 s\u0103 participa\u021bi?<\/b><\/h3>\n<p><span style=\"font-weight: 400;\">Acest curs, cu o abordare practic\u0103 \u0219i prin activit\u0103\u021bi interactive, ofer\u0103 posibilitatea de a \u00eenv\u0103\u021ba metode \u0219i tehnici esen\u021biale. Participan\u021bii, sub \u00eendrumarea unor formatori cu experien\u021b\u0103, se vor familiariza cu universul jocurilor populare pentru copii, al dansurilor \u0219i c\u00e2ntecelor, primind idei \u0219i materiale concrete, aplicabile imediat \u00een activitatea \u0219colar\u0103 de zi cu zi.<\/span><\/p>\n<h3><strong>Titlul oficial \u0219i num\u0103rul de acreditare:<\/strong><\/h3>\n<p><b>\u201cMuzica, dansul \u0219i jocurile populare \u2013 adaptarea tradi\u021biilor proprii \u00een educa\u021bie\u201d<\/b><b><br \/>\n<\/b><span style=\"font-weight: 400;\"> 1555\/DGMCDRSIP\/30.06.2025<\/span><span style=\"font-weight: 400;\"><br \/>\n<\/span><span style=\"font-weight: 400;\"> Num\u0103r credite: <\/span><b>18\u201320<\/b><\/p>\n<h3><b>Forma cursului:<\/b><\/h3>\n<ul>\n<li style=\"font-weight: 400;\" aria-level=\"1\"><span style=\"font-weight: 400;\">30 de ore cu prezen\u021b\u0103 fizic\u0103<\/span><span style=\"font-weight: 400;\"><br \/>\n<\/span><\/li>\n<li style=\"font-weight: 400;\" aria-level=\"1\"><span style=\"font-weight: 400;\">30 de ore online (asincron)<\/span><span style=\"font-weight: 400;\"><br \/>\n<\/span><\/li>\n<\/ul>\n<h3><b>Calendarul cursului:<\/b><\/h3>\n<ul>\n<li style=\"font-weight: 400;\" aria-level=\"1\"><span style=\"font-weight: 400;\">10\u201311 octombrie<\/span><span style=\"font-weight: 400;\"><br \/>\n<\/span><\/li>\n<li style=\"font-weight: 400;\" aria-level=\"1\"><span style=\"font-weight: 400;\">7\u20138 noiembrie; 21\u201322 noiembrie<\/span><span style=\"font-weight: 400;\"><br \/>\n<\/span><\/li>\n<\/ul>\n<h3><b>Tax\u0103 de participare \u2013 plat\u0103 prin transfer bancar pe site-ul<\/b><a href=\"http:\/\/ehh.ro\/\"> <b>ehh.ro<\/b><\/a><b>:<\/b><\/h3>\n<ul>\n<li style=\"font-weight: 400;\" aria-level=\"1\"><span style=\"font-weight: 400;\">400 RON<\/span><span style=\"font-weight: 400;\"><br \/>\n<\/span><\/li>\n<li style=\"font-weight: 400;\" aria-level=\"1\"><span style=\"font-weight: 400;\">posibilitate de plat\u0103 cu cardul pentru cadrele didactice<\/span><span style=\"font-weight: 400;\"><br \/>\n<\/span><\/li>\n<\/ul>\n<h3><b>Loca\u021bia cursului:<\/b><\/h3>\n<ul>\n<li><span style=\"font-weight: 400;\">Oradea, sediul EHHA (str. \u0218tefan cel Mare nr. 6)<\/span><\/li>\n<\/ul>\n<h3><b>Num\u0103r de participan\u021bi:<\/b><\/h3>\n<ul>\n<li><span style=\"font-weight: 400;\">Grup format din maximum 25 de cadre didactice<\/span><\/li>\n<\/ul>\n<h3><b>\u00censcriere:<\/b><\/h3>\n<ul>\n<li><a href=\"https:\/\/forms.gle\/U4b7p3MT9unidtxu7\"><span style=\"font-weight: 400;\">Formular online de \u00eenscriere<\/span><\/a><\/li>\n<\/ul>\n<p><span style=\"font-weight: 400;\"><br \/>\n<\/span><span style=\"font-weight: 400;\"> Participarea devine sigur\u0103 doar dup\u0103 achitarea taxei de participare, detalii: <\/span><a href=\"https:\/\/ehh.ro\/ro\/cursuri\/\"><span style=\"font-weight: 400;\">Cursuri &#8211; Erd\u00e9lyi Hagyom\u00e1nyok H\u00e1za<\/span><\/a><\/p>\n<p><span style=\"font-weight: 400;\">Aceast\u0103 oportunitate special\u0103 nu doar sprijin\u0103 dezvoltarea profesional\u0103 a cadrelor didactice, ci s\u0103de\u0219te \u00een sufletul copiilor dragostea pentru tradi\u021bii!<\/span><\/p>\n<h3><br style=\"font-weight: 400;\" \/><br style=\"font-weight: 400;\" \/><\/h3>\n","protected":false},"excerpt":{"rendered":"<p>Curs de formare continu\u0103 acreditat pentru cadrele didactice, pe tema jocurilor populare pentru copii, dansului \u0219i muzicii populare \u00een limba maghiar\u0103. Scopul cursului de formare continu\u0103 acreditat este integrarea eficient\u0103 a acestor valori comunitare \u0219i tradi\u021bionale \u00een procesul educa\u021bional \u0219colar. De ce este important acest curs? Ast\u0103zi este o nevoie deosebit de mare ca elevii&hellip;<\/p>\n","protected":false},"featured_media":8253,"comment_status":"closed","ping_status":"closed","template":"","meta":{"_acf_changed":false,"inline_featured_image":false},"product_brand":[],"product_cat":[231],"product_tag":[],"class_list":{"0":"post-8409","1":"product","2":"type-product","3":"status-publish","4":"has-post-thumbnail","6":"product_cat-uncategorized-ro","7":"description-off","9":"first","10":"instock","11":"shipping-taxable","12":"purchasable","13":"product-type-simple"},"acf":[],"yoast_head":"<!-- This site is optimized with the Yoast SEO plugin v23.6 - https:\/\/yoast.com\/wordpress\/plugins\/seo\/ -->\n<title>Muzica, dansul \u0219i jocurile populare \/ Adaptarea tradi\u021biilor proprii \u00een educa\u021bie - Erd\u00e9lyi Hagyom\u00e1nyok H\u00e1za<\/title>\n<meta name=\"robots\" content=\"index, follow, max-snippet:-1, max-image-preview:large, max-video-preview:-1\" \/>\n<link rel=\"canonical\" href=\"https:\/\/ehh.ro\/ro\/product\/muzica-dansul-si-jocurile-populare-adaptarea-traditiilor-proprii-in-educatie\/\" \/>\n<meta property=\"og:locale\" content=\"ro_RO\" \/>\n<meta property=\"og:type\" content=\"article\" \/>\n<meta property=\"og:title\" content=\"Muzica, dansul \u0219i jocurile populare \/ Adaptarea tradi\u021biilor proprii \u00een educa\u021bie - Erd\u00e9lyi Hagyom\u00e1nyok H\u00e1za\" \/>\n<meta property=\"og:description\" content=\"Curs de formare continu\u0103 acreditat pentru cadrele didactice, pe tema jocurilor populare pentru copii, dansului \u0219i muzicii populare \u00een limba maghiar\u0103. Scopul cursului de formare continu\u0103 acreditat este integrarea eficient\u0103 a acestor valori comunitare \u0219i tradi\u021bionale \u00een procesul educa\u021bional \u0219colar. De ce este important acest curs? Ast\u0103zi este o nevoie deosebit de mare ca elevii&hellip;\" \/>\n<meta property=\"og:url\" content=\"https:\/\/ehh.ro\/ro\/product\/muzica-dansul-si-jocurile-populare-adaptarea-traditiilor-proprii-in-educatie\/\" \/>\n<meta property=\"og:site_name\" content=\"Erd\u00e9lyi Hagyom\u00e1nyok H\u00e1za\" \/>\n<meta property=\"article:publisher\" content=\"https:\/\/www.facebook.com\/ErdelyiHagyomanyokHaza\" \/>\n<meta property=\"og:image\" content=\"https:\/\/ehh.ro\/wp-content\/uploads\/2025\/09\/Akkreditalt-kepzes-cover-scaled.jpg\" \/>\n\t<meta property=\"og:image:width\" content=\"2560\" \/>\n\t<meta property=\"og:image:height\" content=\"1440\" \/>\n\t<meta property=\"og:image:type\" content=\"image\/jpeg\" \/>\n<meta name=\"twitter:card\" content=\"summary_large_image\" \/>\n<meta name=\"twitter:label1\" content=\"Timp estimat pentru citire\" \/>\n\t<meta name=\"twitter:data1\" content=\"2 minute\" \/>\n<script type=\"application\/ld+json\" class=\"yoast-schema-graph\">{\"@context\":\"https:\/\/schema.org\",\"@graph\":[{\"@type\":\"WebPage\",\"@id\":\"https:\/\/ehh.ro\/ro\/product\/muzica-dansul-si-jocurile-populare-adaptarea-traditiilor-proprii-in-educatie\/\",\"url\":\"https:\/\/ehh.ro\/ro\/product\/muzica-dansul-si-jocurile-populare-adaptarea-traditiilor-proprii-in-educatie\/\",\"name\":\"Muzica, dansul \u0219i jocurile populare \/ Adaptarea tradi\u021biilor proprii \u00een educa\u021bie - Erd\u00e9lyi Hagyom\u00e1nyok H\u00e1za\",\"isPartOf\":{\"@id\":\"https:\/\/ehh.ro\/#website\"},\"primaryImageOfPage\":{\"@id\":\"https:\/\/ehh.ro\/ro\/product\/muzica-dansul-si-jocurile-populare-adaptarea-traditiilor-proprii-in-educatie\/#primaryimage\"},\"image\":{\"@id\":\"https:\/\/ehh.ro\/ro\/product\/muzica-dansul-si-jocurile-populare-adaptarea-traditiilor-proprii-in-educatie\/#primaryimage\"},\"thumbnailUrl\":\"https:\/\/ehh.ro\/wp-content\/uploads\/2025\/09\/Akkreditalt-kepzes-cover-scaled.jpg\",\"datePublished\":\"2025-09-25T13:13:35+00:00\",\"dateModified\":\"2025-09-25T13:13:35+00:00\",\"breadcrumb\":{\"@id\":\"https:\/\/ehh.ro\/ro\/product\/muzica-dansul-si-jocurile-populare-adaptarea-traditiilor-proprii-in-educatie\/#breadcrumb\"},\"inLanguage\":\"ro-RO\",\"potentialAction\":[{\"@type\":\"ReadAction\",\"target\":[\"https:\/\/ehh.ro\/ro\/product\/muzica-dansul-si-jocurile-populare-adaptarea-traditiilor-proprii-in-educatie\/\"]}]},{\"@type\":\"ImageObject\",\"inLanguage\":\"ro-RO\",\"@id\":\"https:\/\/ehh.ro\/ro\/product\/muzica-dansul-si-jocurile-populare-adaptarea-traditiilor-proprii-in-educatie\/#primaryimage\",\"url\":\"https:\/\/ehh.ro\/wp-content\/uploads\/2025\/09\/Akkreditalt-kepzes-cover-scaled.jpg\",\"contentUrl\":\"https:\/\/ehh.ro\/wp-content\/uploads\/2025\/09\/Akkreditalt-kepzes-cover-scaled.jpg\",\"width\":2560,\"height\":1440},{\"@type\":\"BreadcrumbList\",\"@id\":\"https:\/\/ehh.ro\/ro\/product\/muzica-dansul-si-jocurile-populare-adaptarea-traditiilor-proprii-in-educatie\/#breadcrumb\",\"itemListElement\":[{\"@type\":\"ListItem\",\"position\":1,\"name\":\"Home\",\"item\":\"https:\/\/ehh.ro\/ro\/\"},{\"@type\":\"ListItem\",\"position\":2,\"name\":\"Shop\",\"item\":\"https:\/\/ehh.ro\/ro\/shop\/\"},{\"@type\":\"ListItem\",\"position\":3,\"name\":\"Muzica, dansul \u0219i jocurile populare \/ Adaptarea tradi\u021biilor proprii \u00een educa\u021bie\"}]},{\"@type\":\"WebSite\",\"@id\":\"https:\/\/ehh.ro\/#website\",\"url\":\"https:\/\/ehh.ro\/\",\"name\":\"Erd\u00e9lyi Hagyom\u00e1nyok H\u00e1za\",\"description\":\"\",\"publisher\":{\"@id\":\"https:\/\/ehh.ro\/#organization\"},\"potentialAction\":[{\"@type\":\"SearchAction\",\"target\":{\"@type\":\"EntryPoint\",\"urlTemplate\":\"https:\/\/ehh.ro\/?s={search_term_string}\"},\"query-input\":{\"@type\":\"PropertyValueSpecification\",\"valueRequired\":true,\"valueName\":\"search_term_string\"}}],\"inLanguage\":\"ro-RO\"},{\"@type\":\"Organization\",\"@id\":\"https:\/\/ehh.ro\/#organization\",\"name\":\"Erd\u00e9lyi Hagyom\u00e1nyok H\u00e1za\",\"url\":\"https:\/\/ehh.ro\/\",\"logo\":{\"@type\":\"ImageObject\",\"inLanguage\":\"ro-RO\",\"@id\":\"https:\/\/ehh.ro\/#\/schema\/logo\/image\/\",\"url\":\"https:\/\/ehh.ro\/wp-content\/uploads\/2024\/10\/favicon-152.png\",\"contentUrl\":\"https:\/\/ehh.ro\/wp-content\/uploads\/2024\/10\/favicon-152.png\",\"width\":152,\"height\":152,\"caption\":\"Erd\u00e9lyi Hagyom\u00e1nyok H\u00e1za\"},\"image\":{\"@id\":\"https:\/\/ehh.ro\/#\/schema\/logo\/image\/\"},\"sameAs\":[\"https:\/\/www.facebook.com\/ErdelyiHagyomanyokHaza\"]}]}<\/script>\n<!-- \/ Yoast SEO plugin. -->","yoast_head_json":{"title":"Muzica, dansul \u0219i jocurile populare \/ Adaptarea tradi\u021biilor proprii \u00een educa\u021bie - Erd\u00e9lyi Hagyom\u00e1nyok H\u00e1za","robots":{"index":"index","follow":"follow","max-snippet":"max-snippet:-1","max-image-preview":"max-image-preview:large","max-video-preview":"max-video-preview:-1"},"canonical":"https:\/\/ehh.ro\/ro\/product\/muzica-dansul-si-jocurile-populare-adaptarea-traditiilor-proprii-in-educatie\/","og_locale":"ro_RO","og_type":"article","og_title":"Muzica, dansul \u0219i jocurile populare \/ Adaptarea tradi\u021biilor proprii \u00een educa\u021bie - Erd\u00e9lyi Hagyom\u00e1nyok H\u00e1za","og_description":"Curs de formare continu\u0103 acreditat pentru cadrele didactice, pe tema jocurilor populare pentru copii, dansului \u0219i muzicii populare \u00een limba maghiar\u0103. Scopul cursului de formare continu\u0103 acreditat este integrarea eficient\u0103 a acestor valori comunitare \u0219i tradi\u021bionale \u00een procesul educa\u021bional \u0219colar. De ce este important acest curs? Ast\u0103zi este o nevoie deosebit de mare ca elevii&hellip;","og_url":"https:\/\/ehh.ro\/ro\/product\/muzica-dansul-si-jocurile-populare-adaptarea-traditiilor-proprii-in-educatie\/","og_site_name":"Erd\u00e9lyi Hagyom\u00e1nyok H\u00e1za","article_publisher":"https:\/\/www.facebook.com\/ErdelyiHagyomanyokHaza","og_image":[{"width":2560,"height":1440,"url":"https:\/\/ehh.ro\/wp-content\/uploads\/2025\/09\/Akkreditalt-kepzes-cover-scaled.jpg","type":"image\/jpeg"}],"twitter_card":"summary_large_image","twitter_misc":{"Timp estimat pentru citire":"2 minute"},"schema":{"@context":"https:\/\/schema.org","@graph":[{"@type":"WebPage","@id":"https:\/\/ehh.ro\/ro\/product\/muzica-dansul-si-jocurile-populare-adaptarea-traditiilor-proprii-in-educatie\/","url":"https:\/\/ehh.ro\/ro\/product\/muzica-dansul-si-jocurile-populare-adaptarea-traditiilor-proprii-in-educatie\/","name":"Muzica, dansul \u0219i jocurile populare \/ Adaptarea tradi\u021biilor proprii \u00een educa\u021bie - Erd\u00e9lyi Hagyom\u00e1nyok H\u00e1za","isPartOf":{"@id":"https:\/\/ehh.ro\/#website"},"primaryImageOfPage":{"@id":"https:\/\/ehh.ro\/ro\/product\/muzica-dansul-si-jocurile-populare-adaptarea-traditiilor-proprii-in-educatie\/#primaryimage"},"image":{"@id":"https:\/\/ehh.ro\/ro\/product\/muzica-dansul-si-jocurile-populare-adaptarea-traditiilor-proprii-in-educatie\/#primaryimage"},"thumbnailUrl":"https:\/\/ehh.ro\/wp-content\/uploads\/2025\/09\/Akkreditalt-kepzes-cover-scaled.jpg","datePublished":"2025-09-25T13:13:35+00:00","dateModified":"2025-09-25T13:13:35+00:00","breadcrumb":{"@id":"https:\/\/ehh.ro\/ro\/product\/muzica-dansul-si-jocurile-populare-adaptarea-traditiilor-proprii-in-educatie\/#breadcrumb"},"inLanguage":"ro-RO","potentialAction":[{"@type":"ReadAction","target":["https:\/\/ehh.ro\/ro\/product\/muzica-dansul-si-jocurile-populare-adaptarea-traditiilor-proprii-in-educatie\/"]}]},{"@type":"ImageObject","inLanguage":"ro-RO","@id":"https:\/\/ehh.ro\/ro\/product\/muzica-dansul-si-jocurile-populare-adaptarea-traditiilor-proprii-in-educatie\/#primaryimage","url":"https:\/\/ehh.ro\/wp-content\/uploads\/2025\/09\/Akkreditalt-kepzes-cover-scaled.jpg","contentUrl":"https:\/\/ehh.ro\/wp-content\/uploads\/2025\/09\/Akkreditalt-kepzes-cover-scaled.jpg","width":2560,"height":1440},{"@type":"BreadcrumbList","@id":"https:\/\/ehh.ro\/ro\/product\/muzica-dansul-si-jocurile-populare-adaptarea-traditiilor-proprii-in-educatie\/#breadcrumb","itemListElement":[{"@type":"ListItem","position":1,"name":"Home","item":"https:\/\/ehh.ro\/ro\/"},{"@type":"ListItem","position":2,"name":"Shop","item":"https:\/\/ehh.ro\/ro\/shop\/"},{"@type":"ListItem","position":3,"name":"Muzica, dansul \u0219i jocurile populare \/ Adaptarea tradi\u021biilor proprii \u00een educa\u021bie"}]},{"@type":"WebSite","@id":"https:\/\/ehh.ro\/#website","url":"https:\/\/ehh.ro\/","name":"Erd\u00e9lyi Hagyom\u00e1nyok H\u00e1za","description":"","publisher":{"@id":"https:\/\/ehh.ro\/#organization"},"potentialAction":[{"@type":"SearchAction","target":{"@type":"EntryPoint","urlTemplate":"https:\/\/ehh.ro\/?s={search_term_string}"},"query-input":{"@type":"PropertyValueSpecification","valueRequired":true,"valueName":"search_term_string"}}],"inLanguage":"ro-RO"},{"@type":"Organization","@id":"https:\/\/ehh.ro\/#organization","name":"Erd\u00e9lyi Hagyom\u00e1nyok H\u00e1za","url":"https:\/\/ehh.ro\/","logo":{"@type":"ImageObject","inLanguage":"ro-RO","@id":"https:\/\/ehh.ro\/#\/schema\/logo\/image\/","url":"https:\/\/ehh.ro\/wp-content\/uploads\/2024\/10\/favicon-152.png","contentUrl":"https:\/\/ehh.ro\/wp-content\/uploads\/2024\/10\/favicon-152.png","width":152,"height":152,"caption":"Erd\u00e9lyi Hagyom\u00e1nyok H\u00e1za"},"image":{"@id":"https:\/\/ehh.ro\/#\/schema\/logo\/image\/"},"sameAs":["https:\/\/www.facebook.com\/ErdelyiHagyomanyokHaza"]}]}},"_links":{"self":[{"href":"https:\/\/ehh.ro\/ro\/wp-json\/wp\/v2\/product\/8409","targetHints":{"allow":["GET"]}}],"collection":[{"href":"https:\/\/ehh.ro\/ro\/wp-json\/wp\/v2\/product"}],"about":[{"href":"https:\/\/ehh.ro\/ro\/wp-json\/wp\/v2\/types\/product"}],"replies":[{"embeddable":true,"href":"https:\/\/ehh.ro\/ro\/wp-json\/wp\/v2\/comments?post=8409"}],"wp:featuredmedia":[{"embeddable":true,"href":"https:\/\/ehh.ro\/ro\/wp-json\/wp\/v2\/media\/8253"}],"wp:attachment":[{"href":"https:\/\/ehh.ro\/ro\/wp-json\/wp\/v2\/media?parent=8409"}],"wp:term":[{"taxonomy":"product_brand","embeddable":true,"href":"https:\/\/ehh.ro\/ro\/wp-json\/wp\/v2\/product_brand?post=8409"},{"taxonomy":"product_cat","embeddable":true,"href":"https:\/\/ehh.ro\/ro\/wp-json\/wp\/v2\/product_cat?post=8409"},{"taxonomy":"product_tag","embeddable":true,"href":"https:\/\/ehh.ro\/ro\/wp-json\/wp\/v2\/product_tag?post=8409"}],"curies":[{"name":"wp","href":"https:\/\/api.w.org\/{rel}","templated":true}]}}