{"id":6342,"date":"2025-03-05T07:05:28","date_gmt":"2025-03-05T06:05:28","guid":{"rendered":"https:\/\/ehh.ro\/?page_id=6342"},"modified":"2025-03-05T07:05:30","modified_gmt":"2025-03-05T06:05:30","slug":"impressum","status":"publish","type":"page","link":"https:\/\/ehh.ro\/ro\/impressum\/","title":{"rendered":"Impressum"},"content":{"rendered":"<h3 class=\"wp-block-heading\"><strong>FUNDA\u021aIA CASA TRADI\u021aIILOR ARDELENE\u0218TI<\/strong><\/h3><p><strong>Sediul: T\u00e2rgu-Mure\u0219, strada T\u00e2rgului nr. 1, 540069, Jude\u021bul Mure\u0219<\/strong><\/p><p><strong>Cod de identificare fiscal\u0103: 41453106<\/strong><\/p><p><strong>Reprezentant legal: Kelemen L\u00e1szl\u00f3, pre\u0219edinte<\/strong><\/p><p><strong>Organul de conducere al funda\u021biei este consiliul director.<\/strong><\/p><p><strong>Membrii consiliului director: <\/strong><a href=\"https:\/\/ehh.ro\/ro\/curatoriu\/\"><strong>Consiliul director<\/strong> &#8211; <strong>FUNDA\u021aIA CASA TRADI\u021aIILOR ARDELENE\u0218TI<\/strong><\/a> <\/p>","protected":false},"excerpt":{"rendered":"<p>FUNDA\u021aIA CASA TRADI\u021aIILOR ARDELENE\u0218TI Sediul: T\u00e2rgu-Mure\u0219, strada T\u00e2rgului nr. 1, 540069, Jude\u021bul Mure\u0219 Cod de identificare fiscal\u0103: 41453106 Reprezentant legal: Kelemen L\u00e1szl\u00f3, pre\u0219edinte Organul de conducere al funda\u021biei este consiliul director. Membrii consiliului director: Consiliul director &#8211; FUNDA\u021aIA CASA TRADI\u021aIILOR ARDELENE\u0218TI<\/p>\n","protected":false},"author":1,"featured_media":0,"parent":0,"menu_order":0,"comment_status":"closed","ping_status":"closed","template":"","meta":{"_acf_changed":false,"inline_featured_image":false,"footnotes":""},"class_list":["post-6342","page","type-page","status-publish","hentry","description-off"],"acf":[],"yoast_head":"<!-- This site is optimized with the Yoast SEO plugin v23.6 - https:\/\/yoast.com\/wordpress\/plugins\/seo\/ -->\n<title>Impressum - Erd\u00e9lyi Hagyom\u00e1nyok H\u00e1za<\/title>\n<meta name=\"robots\" content=\"index, follow, max-snippet:-1, max-image-preview:large, max-video-preview:-1\" \/>\n<link rel=\"canonical\" href=\"https:\/\/ehh.ro\/ro\/impressum\/\" \/>\n<meta property=\"og:locale\" content=\"ro_RO\" \/>\n<meta property=\"og:type\" content=\"article\" \/>\n<meta property=\"og:title\" content=\"Impressum - Erd\u00e9lyi Hagyom\u00e1nyok H\u00e1za\" \/>\n<meta property=\"og:description\" content=\"FUNDA\u021aIA CASA TRADI\u021aIILOR ARDELENE\u0218TI Sediul: T\u00e2rgu-Mure\u0219, strada T\u00e2rgului nr. 1, 540069, Jude\u021bul Mure\u0219 Cod de identificare fiscal\u0103: 41453106 Reprezentant legal: Kelemen L\u00e1szl\u00f3, pre\u0219edinte Organul de conducere al funda\u021biei este consiliul director. Membrii consiliului director: Consiliul director &#8211; FUNDA\u021aIA CASA TRADI\u021aIILOR ARDELENE\u0218TI\" \/>\n<meta property=\"og:url\" content=\"https:\/\/ehh.ro\/ro\/impressum\/\" \/>\n<meta property=\"og:site_name\" content=\"Erd\u00e9lyi Hagyom\u00e1nyok H\u00e1za\" \/>\n<meta property=\"article:publisher\" content=\"https:\/\/www.facebook.com\/ErdelyiHagyomanyokHaza\" \/>\n<meta property=\"article:modified_time\" content=\"2025-03-05T06:05:30+00:00\" \/>\n<meta name=\"twitter:card\" content=\"summary_large_image\" \/>\n<meta name=\"twitter:label1\" content=\"Timp estimat pentru citire\" \/>\n\t<meta name=\"twitter:data1\" content=\"1 minut\" \/>\n<script type=\"application\/ld+json\" class=\"yoast-schema-graph\">{\"@context\":\"https:\/\/schema.org\",\"@graph\":[{\"@type\":\"WebPage\",\"@id\":\"https:\/\/ehh.ro\/ro\/impressum\/\",\"url\":\"https:\/\/ehh.ro\/ro\/impressum\/\",\"name\":\"Impressum - Erd\u00e9lyi Hagyom\u00e1nyok H\u00e1za\",\"isPartOf\":{\"@id\":\"https:\/\/ehh.ro\/#website\"},\"datePublished\":\"2025-03-05T06:05:28+00:00\",\"dateModified\":\"2025-03-05T06:05:30+00:00\",\"breadcrumb\":{\"@id\":\"https:\/\/ehh.ro\/ro\/impressum\/#breadcrumb\"},\"inLanguage\":\"ro-RO\",\"potentialAction\":[{\"@type\":\"ReadAction\",\"target\":[\"https:\/\/ehh.ro\/ro\/impressum\/\"]}]},{\"@type\":\"BreadcrumbList\",\"@id\":\"https:\/\/ehh.ro\/ro\/impressum\/#breadcrumb\",\"itemListElement\":[{\"@type\":\"ListItem\",\"position\":1,\"name\":\"Home\",\"item\":\"https:\/\/ehh.ro\/ro\/\"},{\"@type\":\"ListItem\",\"position\":2,\"name\":\"Impressum\"}]},{\"@type\":\"WebSite\",\"@id\":\"https:\/\/ehh.ro\/#website\",\"url\":\"https:\/\/ehh.ro\/\",\"name\":\"Erd\u00e9lyi Hagyom\u00e1nyok H\u00e1za\",\"description\":\"\",\"publisher\":{\"@id\":\"https:\/\/ehh.ro\/#organization\"},\"potentialAction\":[{\"@type\":\"SearchAction\",\"target\":{\"@type\":\"EntryPoint\",\"urlTemplate\":\"https:\/\/ehh.ro\/?s={search_term_string}\"},\"query-input\":{\"@type\":\"PropertyValueSpecification\",\"valueRequired\":true,\"valueName\":\"search_term_string\"}}],\"inLanguage\":\"ro-RO\"},{\"@type\":\"Organization\",\"@id\":\"https:\/\/ehh.ro\/#organization\",\"name\":\"Erd\u00e9lyi Hagyom\u00e1nyok H\u00e1za\",\"url\":\"https:\/\/ehh.ro\/\",\"logo\":{\"@type\":\"ImageObject\",\"inLanguage\":\"ro-RO\",\"@id\":\"https:\/\/ehh.ro\/#\/schema\/logo\/image\/\",\"url\":\"https:\/\/ehh.ro\/wp-content\/uploads\/2024\/10\/favicon-152.png\",\"contentUrl\":\"https:\/\/ehh.ro\/wp-content\/uploads\/2024\/10\/favicon-152.png\",\"width\":152,\"height\":152,\"caption\":\"Erd\u00e9lyi Hagyom\u00e1nyok H\u00e1za\"},\"image\":{\"@id\":\"https:\/\/ehh.ro\/#\/schema\/logo\/image\/\"},\"sameAs\":[\"https:\/\/www.facebook.com\/ErdelyiHagyomanyokHaza\"]}]}<\/script>\n<!-- \/ Yoast SEO plugin. -->","yoast_head_json":{"title":"Impressum - Erd\u00e9lyi Hagyom\u00e1nyok H\u00e1za","robots":{"index":"index","follow":"follow","max-snippet":"max-snippet:-1","max-image-preview":"max-image-preview:large","max-video-preview":"max-video-preview:-1"},"canonical":"https:\/\/ehh.ro\/ro\/impressum\/","og_locale":"ro_RO","og_type":"article","og_title":"Impressum - Erd\u00e9lyi Hagyom\u00e1nyok H\u00e1za","og_description":"FUNDA\u021aIA CASA TRADI\u021aIILOR ARDELENE\u0218TI Sediul: T\u00e2rgu-Mure\u0219, strada T\u00e2rgului nr. 1, 540069, Jude\u021bul Mure\u0219 Cod de identificare fiscal\u0103: 41453106 Reprezentant legal: Kelemen L\u00e1szl\u00f3, pre\u0219edinte Organul de conducere al funda\u021biei este consiliul director. Membrii consiliului director: Consiliul director &#8211; FUNDA\u021aIA CASA TRADI\u021aIILOR ARDELENE\u0218TI","og_url":"https:\/\/ehh.ro\/ro\/impressum\/","og_site_name":"Erd\u00e9lyi Hagyom\u00e1nyok H\u00e1za","article_publisher":"https:\/\/www.facebook.com\/ErdelyiHagyomanyokHaza","article_modified_time":"2025-03-05T06:05:30+00:00","twitter_card":"summary_large_image","twitter_misc":{"Timp estimat pentru citire":"1 minut"},"schema":{"@context":"https:\/\/schema.org","@graph":[{"@type":"WebPage","@id":"https:\/\/ehh.ro\/ro\/impressum\/","url":"https:\/\/ehh.ro\/ro\/impressum\/","name":"Impressum - Erd\u00e9lyi Hagyom\u00e1nyok H\u00e1za","isPartOf":{"@id":"https:\/\/ehh.ro\/#website"},"datePublished":"2025-03-05T06:05:28+00:00","dateModified":"2025-03-05T06:05:30+00:00","breadcrumb":{"@id":"https:\/\/ehh.ro\/ro\/impressum\/#breadcrumb"},"inLanguage":"ro-RO","potentialAction":[{"@type":"ReadAction","target":["https:\/\/ehh.ro\/ro\/impressum\/"]}]},{"@type":"BreadcrumbList","@id":"https:\/\/ehh.ro\/ro\/impressum\/#breadcrumb","itemListElement":[{"@type":"ListItem","position":1,"name":"Home","item":"https:\/\/ehh.ro\/ro\/"},{"@type":"ListItem","position":2,"name":"Impressum"}]},{"@type":"WebSite","@id":"https:\/\/ehh.ro\/#website","url":"https:\/\/ehh.ro\/","name":"Erd\u00e9lyi Hagyom\u00e1nyok H\u00e1za","description":"","publisher":{"@id":"https:\/\/ehh.ro\/#organization"},"potentialAction":[{"@type":"SearchAction","target":{"@type":"EntryPoint","urlTemplate":"https:\/\/ehh.ro\/?s={search_term_string}"},"query-input":{"@type":"PropertyValueSpecification","valueRequired":true,"valueName":"search_term_string"}}],"inLanguage":"ro-RO"},{"@type":"Organization","@id":"https:\/\/ehh.ro\/#organization","name":"Erd\u00e9lyi Hagyom\u00e1nyok H\u00e1za","url":"https:\/\/ehh.ro\/","logo":{"@type":"ImageObject","inLanguage":"ro-RO","@id":"https:\/\/ehh.ro\/#\/schema\/logo\/image\/","url":"https:\/\/ehh.ro\/wp-content\/uploads\/2024\/10\/favicon-152.png","contentUrl":"https:\/\/ehh.ro\/wp-content\/uploads\/2024\/10\/favicon-152.png","width":152,"height":152,"caption":"Erd\u00e9lyi Hagyom\u00e1nyok H\u00e1za"},"image":{"@id":"https:\/\/ehh.ro\/#\/schema\/logo\/image\/"},"sameAs":["https:\/\/www.facebook.com\/ErdelyiHagyomanyokHaza"]}]}},"_links":{"self":[{"href":"https:\/\/ehh.ro\/ro\/wp-json\/wp\/v2\/pages\/6342","targetHints":{"allow":["GET"]}}],"collection":[{"href":"https:\/\/ehh.ro\/ro\/wp-json\/wp\/v2\/pages"}],"about":[{"href":"https:\/\/ehh.ro\/ro\/wp-json\/wp\/v2\/types\/page"}],"author":[{"embeddable":true,"href":"https:\/\/ehh.ro\/ro\/wp-json\/wp\/v2\/users\/1"}],"replies":[{"embeddable":true,"href":"https:\/\/ehh.ro\/ro\/wp-json\/wp\/v2\/comments?post=6342"}],"version-history":[{"count":1,"href":"https:\/\/ehh.ro\/ro\/wp-json\/wp\/v2\/pages\/6342\/revisions"}],"predecessor-version":[{"id":6344,"href":"https:\/\/ehh.ro\/ro\/wp-json\/wp\/v2\/pages\/6342\/revisions\/6344"}],"wp:attachment":[{"href":"https:\/\/ehh.ro\/ro\/wp-json\/wp\/v2\/media?parent=6342"}],"curies":[{"name":"wp","href":"https:\/\/api.w.org\/{rel}","templated":true}]}}