{"id":5779,"date":"2024-10-24T22:30:04","date_gmt":"2024-10-24T20:30:04","guid":{"rendered":"https:\/\/ehh.ro\/szakmai-es-strategiai-partnereink\/"},"modified":"2025-02-20T14:50:10","modified_gmt":"2025-02-20T13:50:10","slug":"partenerii-nostri","status":"publish","type":"page","link":"https:\/\/ehh.ro\/ro\/partenerii-nostri\/","title":{"rendered":"Partenerii no\u0219tri"},"content":{"rendered":"<div class=\"wpb-content-wrapper\"><p>[vc_row][vc_column][vc_custom_heading text=&#8221;Parteneri profesioni\u0219ti&#8221; font_container=&#8221;tag:h2|text_align:center&#8221; use_theme_fonts=&#8221;yes&#8221; css=&#8221;&#8221; el_class=&#8221;mb-2&#8243;][\/vc_column][\/vc_row][vc_row el_class=&#8221;row-partners highlighted&#8221;][vc_column width=&#8221;1\/3&#8243;][\/vc_column][vc_column width=&#8221;1\/3&#8243;][vc_single_image image=&#8221;386&#8243; img_size=&#8221;full&#8221; alignment=&#8221;center&#8221; onclick=&#8221;custom_link&#8221; img_link_target=&#8221;_blank&#8221; css_animation=&#8221;fadeIn&#8221; css=&#8221;&#8221; image_hovers=&#8221;false&#8221; lazy_loading=&#8221;true&#8221; link=&#8221;https:\/\/hagyomanyokhaza.hu\/hu&#8221;][vc_custom_heading text=&#8221;Hagyom\u00e1nyok H\u00e1za&#8221; font_container=&#8221;tag:h4|text_align:center&#8221; use_theme_fonts=&#8221;yes&#8221; css=&#8221;&#8221; link=&#8221;url:https%3A%2F%2Fhagyomanyokhaza.hu%2Fhu|target:_blank&#8221;][vc_column_text css=&#8221;&#8221;]Budapesta[\/vc_column_text][\/vc_column][vc_column width=&#8221;1\/3&#8243;][\/vc_column][\/vc_row][vc_row el_class=&#8221;mb-3&#8243;][vc_column][\/vc_column][\/vc_row][vc_row][vc_column][vc_custom_heading text=&#8221;Parteneri strategici&#8221; font_container=&#8221;tag:h2|text_align:center&#8221; use_theme_fonts=&#8221;yes&#8221; css=&#8221;&#8221; el_class=&#8221;mb-2&#8243;][\/vc_column][\/vc_row][vc_row el_class=&#8221;row-partners&#8221;][vc_column width=&#8221;1\/4&#8243;][vc_single_image image=&#8221;420&#8243; img_size=&#8221;full&#8221; alignment=&#8221;center&#8221; onclick=&#8221;custom_link&#8221; img_link_target=&#8221;_blank&#8221; css_animation=&#8221;fadeIn&#8221; css=&#8221;&#8221; image_hovers=&#8221;false&#8221; lazy_loading=&#8221;true&#8221; link=&#8221;https:\/\/www.facebook.com\/borokagyokeregyesulet\/&#8221;][vc_custom_heading text=&#8221;Bor\u00f3kagy\u00f6k\u00e9r Egyes\u00fclet&#8221; font_container=&#8221;tag:h4|text_align:center&#8221; use_theme_fonts=&#8221;yes&#8221; css=&#8221;&#8221; link=&#8221;url:https%3A%2F%2Fwww.facebook.com%2Fborokagyokeregyesulet%2F|target:_blank&#8221;][vc_column_text css=&#8221;&#8221;]Satu Mare[\/vc_column_text][\/vc_column][vc_column width=&#8221;1\/4&#8243;][vc_single_image image=&#8221;390&#8243; img_size=&#8221;full&#8221; alignment=&#8221;center&#8221; onclick=&#8221;custom_link&#8221; img_link_target=&#8221;_blank&#8221; css_animation=&#8221;fadeIn&#8221; css=&#8221;&#8221; image_hovers=&#8221;false&#8221; lazy_loading=&#8221;true&#8221; link=&#8221;https:\/\/www.csillagocska.ro\/&#8221;][vc_custom_heading text=&#8221;Csillagocska Alap\u00edtv\u00e1ny&#8221; font_container=&#8221;tag:h4|text_align:center&#8221; use_theme_fonts=&#8221;yes&#8221; css=&#8221;&#8221; link=&#8221;url:https%3A%2F%2Fwww.csillagocska.ro%2F|target:_blank&#8221;][vc_column_text css=&#8221;&#8221;]Oradea[\/vc_column_text][\/vc_column][vc_column width=&#8221;1\/4&#8243;][vc_single_image image=&#8221;392&#8243; img_size=&#8221;full&#8221; alignment=&#8221;center&#8221; onclick=&#8221;custom_link&#8221; img_link_target=&#8221;_blank&#8221; css_animation=&#8221;fadeIn&#8221; css=&#8221;&#8221; image_hovers=&#8221;false&#8221; lazy_loading=&#8221;true&#8221; link=&#8221;https:\/\/www.facebook.com\/nepzeneszegyesulet\/&#8221;][vc_custom_heading text=&#8221;Erd\u00e9lyi Magyar N\u00e9pzen\u00e9szek Egyes\u00fclete&#8221; font_container=&#8221;tag:h4|text_align:center&#8221; use_theme_fonts=&#8221;yes&#8221; css=&#8221;&#8221; link=&#8221;url:https%3A%2F%2Fwww.facebook.com%2Fnepzeneszegyesulet%2F|target:_blank&#8221;][vc_column_text css=&#8221;&#8221;]Miercurea Ciuc[\/vc_column_text][\/vc_column][vc_column width=&#8221;1\/4&#8243;][vc_single_image image=&#8221;416&#8243; img_size=&#8221;full&#8221; alignment=&#8221;center&#8221; onclick=&#8221;custom_link&#8221; img_link_target=&#8221;_blank&#8221; css_animation=&#8221;fadeIn&#8221; css=&#8221;&#8221; image_hovers=&#8221;false&#8221; lazy_loading=&#8221;true&#8221; link=&#8221;https:\/\/www.facebook.com\/Ethnikakulturalisalapitvany\/&#8221;][vc_custom_heading text=&#8221;Ethnika Kultur\u00e1lis Alap\u00edtv\u00e1ny&#8221; font_container=&#8221;tag:h4|text_align:center&#8221; use_theme_fonts=&#8221;yes&#8221; css=&#8221;&#8221; link=&#8221;url:https%3A%2F%2Fwww.facebook.com%2FEthnikakulturalisalapitvany%2F|target:_blank&#8221;][vc_column_text css=&#8221;&#8221;]Lopadea Nou\u0103[\/vc_column_text][\/vc_column][\/vc_row][vc_row el_class=&#8221;row-partners&#8221;][vc_column width=&#8221;1\/4&#8243;][vc_single_image image=&#8221;414&#8243; img_size=&#8221;full&#8221; alignment=&#8221;center&#8221; onclick=&#8221;custom_link&#8221; img_link_target=&#8221;_blank&#8221; css_animation=&#8221;fadeIn&#8221; css=&#8221;&#8221; image_hovers=&#8221;false&#8221; lazy_loading=&#8221;true&#8221; link=&#8221;https:\/\/www.facebook.com\/profile.php?id=100064932510334&#8243;][vc_custom_heading text=&#8221;Guzsalyas Alap\u00edtv\u00e1ny&#8221; font_container=&#8221;tag:h4|text_align:center&#8221; use_theme_fonts=&#8221;yes&#8221; css=&#8221;&#8221; link=&#8221;url:https%3A%2F%2Fwww.facebook.com%2Fprofile.php%3Fid%3D100064932510334|target:_blank&#8221;][vc_column_text css=&#8221;&#8221;]Sf\u00e2ntu Gheorghe[\/vc_column_text][\/vc_column][vc_column width=&#8221;1\/4&#8243;][vc_single_image image=&#8221;412&#8243; img_size=&#8221;full&#8221; alignment=&#8221;center&#8221; onclick=&#8221;custom_link&#8221; img_link_target=&#8221;_blank&#8221; css_animation=&#8221;fadeIn&#8221; css=&#8221;&#8221; image_hovers=&#8221;false&#8221; lazy_loading=&#8221;true&#8221; link=&#8221;https:\/\/kallosalapitvany.ro\/&#8221;][vc_custom_heading text=&#8221;Kall\u00f3s Zolt\u00e1n Alap\u00edtv\u00e1ny&#8221; font_container=&#8221;tag:h4|text_align:center&#8221; use_theme_fonts=&#8221;yes&#8221; css=&#8221;&#8221; link=&#8221;url:https%3A%2F%2Fkallosalapitvany.ro%2F|target:_blank&#8221;][vc_column_text css=&#8221;&#8221;]R\u0103scruci[\/vc_column_text][\/vc_column][vc_column width=&#8221;1\/4&#8243;][vc_single_image image=&#8221;410&#8243; img_size=&#8221;full&#8221; alignment=&#8221;center&#8221; onclick=&#8221;custom_link&#8221; img_link_target=&#8221;_blank&#8221; css_animation=&#8221;fadeIn&#8221; css=&#8221;&#8221; image_hovers=&#8221;false&#8221; lazy_loading=&#8221;true&#8221; link=&#8221;https:\/\/www.facebook.com\/kaszajegyesulet\/&#8221;][vc_custom_heading text=&#8221;Kaszaj Kultur\u00e1lis Egyes\u00fclet&#8221; font_container=&#8221;tag:h4|text_align:center&#8221; use_theme_fonts=&#8221;yes&#8221; css=&#8221;&#8221; link=&#8221;url:https%3A%2F%2Fwww.facebook.com%2Fkaszajegyesulet%2F|target:_blank&#8221;][vc_column_text css=&#8221;&#8221;]Odorheiu-Secuiesc[\/vc_column_text][\/vc_column][vc_column width=&#8221;1\/4&#8243;][vc_single_image image=&#8221;408&#8243; img_size=&#8221;full&#8221; alignment=&#8221;center&#8221; onclick=&#8221;custom_link&#8221; img_link_target=&#8221;_blank&#8221; css_animation=&#8221;fadeIn&#8221; css=&#8221;&#8221; image_hovers=&#8221;false&#8221; lazy_loading=&#8221;true&#8221; link=&#8221;https:\/\/neptanc.ro\/&#8221;][vc_custom_heading text=&#8221;Rom\u00e1niai Magyar N\u00e9pt\u00e1nc Egyes\u00fclet&#8221; font_container=&#8221;tag:h4|text_align:center&#8221; use_theme_fonts=&#8221;yes&#8221; css=&#8221;&#8221; link=&#8221;url:https%3A%2F%2Fneptanc.ro%2F|target:_blank&#8221;][vc_column_text css=&#8221;&#8221;]Sf\u00e2ntu Gheorghe[\/vc_column_text][\/vc_column][\/vc_row][vc_row el_class=&#8221;row-partners&#8221;][vc_column width=&#8221;1\/4&#8243;][vc_single_image image=&#8221;406&#8243; img_size=&#8221;full&#8221; alignment=&#8221;center&#8221; onclick=&#8221;custom_link&#8221; img_link_target=&#8221;_blank&#8221; css_animation=&#8221;fadeIn&#8221; css=&#8221;&#8221; image_hovers=&#8221;false&#8221; lazy_loading=&#8221;true&#8221; link=&#8221;https:\/\/spectrumszinhaz.ro\/&#8221;][vc_custom_heading text=&#8221;Spectrum Sz\u00ednh\u00e1z Egyes\u00fclet&#8221; font_container=&#8221;tag:h4|text_align:center&#8221; use_theme_fonts=&#8221;yes&#8221; css=&#8221;&#8221; link=&#8221;url:https%3A%2F%2Fspectrumszinhaz.ro%2F|target:_blank&#8221;][vc_column_text css=&#8221;&#8221;]T\u00e2rgu Mure\u0219[\/vc_column_text][\/vc_column][vc_column width=&#8221;1\/4&#8243;][vc_single_image image=&#8221;404&#8243; img_size=&#8221;full&#8221; alignment=&#8221;center&#8221; onclick=&#8221;custom_link&#8221; img_link_target=&#8221;_blank&#8221; css_animation=&#8221;fadeIn&#8221; css=&#8221;&#8221; image_hovers=&#8221;false&#8221; lazy_loading=&#8221;true&#8221; link=&#8221;https:\/\/www.facebook.com\/tekaalapitvany&#8221;][vc_custom_heading text=&#8221;T\u00e9ka Kultur\u00e1lis Alap\u00edtv\u00e1ny&#8221; font_container=&#8221;tag:h4|text_align:center&#8221; use_theme_fonts=&#8221;yes&#8221; css=&#8221;&#8221; link=&#8221;url:https%3A%2F%2Fwww.facebook.com%2Ftekaalapitvany|target:_blank&#8221;][vc_column_text css=&#8221;&#8221;]Gherla[\/vc_column_text][\/vc_column][vc_column width=&#8221;1\/4&#8243;][vc_single_image image=&#8221;401&#8243; img_size=&#8221;full&#8221; alignment=&#8221;center&#8221; onclick=&#8221;custom_link&#8221; img_link_target=&#8221;_blank&#8221; css_animation=&#8221;fadeIn&#8221; css=&#8221;&#8221; image_hovers=&#8221;false&#8221; lazy_loading=&#8221;true&#8221; link=&#8221;https:\/\/tisztaforras.ro\/&#8221;][vc_custom_heading text=&#8221;Tiszta Forr\u00e1s Alap\u00edtv\u00e1ny&#8221; font_container=&#8221;tag:h4|text_align:center&#8221; use_theme_fonts=&#8221;yes&#8221; css=&#8221;&#8221; link=&#8221;url:https%3A%2F%2Ftisztaforras.ro%2F|target:_blank&#8221;][vc_column_text css=&#8221;&#8221;]Miercurea Ciuc[\/vc_column_text][\/vc_column][vc_column width=&#8221;1\/4&#8243;][vc_single_image image=&#8221;436&#8243; img_size=&#8221;full&#8221; alignment=&#8221;center&#8221; onclick=&#8221;custom_link&#8221; img_link_target=&#8221;_blank&#8221; css_animation=&#8221;fadeIn&#8221; css=&#8221;&#8221; image_hovers=&#8221;false&#8221; lazy_loading=&#8221;true&#8221; link=&#8221;https:\/\/www.facebook.com\/vilagloegyesulet\/&#8221;][vc_custom_heading text=&#8221;Vil\u00e1gl\u00f3 Egyes\u00fclet&#8221; font_container=&#8221;tag:h4|text_align:center&#8221; use_theme_fonts=&#8221;yes&#8221; css=&#8221;&#8221; link=&#8221;url:https%3A%2F%2Fwww.facebook.com%2Fvilagloegyesulet%2F|target:_blank&#8221;][vc_column_text css=&#8221;&#8221;]T\u00e2rgu Mure\u0219[\/vc_column_text][\/vc_column][\/vc_row]<\/p>\n<\/div>","protected":false},"excerpt":{"rendered":"<p>[vc_row][vc_column][vc_custom_heading text=&#8221;Parteneri profesioni\u0219ti&#8221; font_container=&#8221;tag:h2|text_align:center&#8221; use_theme_fonts=&#8221;yes&#8221; css=&#8221;&#8221; el_class=&#8221;mb-2&#8243;][\/vc_column][\/vc_row][vc_row el_class=&#8221;row-partners highlighted&#8221;][vc_column width=&#8221;1\/3&#8243;][\/vc_column][vc_column width=&#8221;1\/3&#8243;][vc_single_image image=&#8221;386&#8243; img_size=&#8221;full&#8221; alignment=&#8221;center&#8221; onclick=&#8221;custom_link&#8221; img_link_target=&#8221;_blank&#8221; css_animation=&#8221;fadeIn&#8221; css=&#8221;&#8221; image_hovers=&#8221;false&#8221; lazy_loading=&#8221;true&#8221; link=&#8221;https:\/\/hagyomanyokhaza.hu\/hu&#8221;][vc_custom_heading text=&#8221;Hagyom\u00e1nyok H\u00e1za&#8221; font_container=&#8221;tag:h4|text_align:center&#8221; use_theme_fonts=&#8221;yes&#8221; css=&#8221;&#8221; link=&#8221;url:https%3A%2F%2Fhagyomanyokhaza.hu%2Fhu|target:_blank&#8221;][vc_column_text css=&#8221;&#8221;]Budapesta[\/vc_column_text][\/vc_column][vc_column width=&#8221;1\/3&#8243;][\/vc_column][\/vc_row][vc_row el_class=&#8221;mb-3&#8243;][vc_column][\/vc_column][\/vc_row][vc_row][vc_column][vc_custom_heading text=&#8221;Parteneri strategici&#8221; font_container=&#8221;tag:h2|text_align:center&#8221; use_theme_fonts=&#8221;yes&#8221; css=&#8221;&#8221; el_class=&#8221;mb-2&#8243;][\/vc_column][\/vc_row][vc_row el_class=&#8221;row-partners&#8221;][vc_column width=&#8221;1\/4&#8243;][vc_single_image image=&#8221;420&#8243; img_size=&#8221;full&#8221; alignment=&#8221;center&#8221; onclick=&#8221;custom_link&#8221; img_link_target=&#8221;_blank&#8221; css_animation=&#8221;fadeIn&#8221; css=&#8221;&#8221; image_hovers=&#8221;false&#8221; lazy_loading=&#8221;true&#8221; link=&#8221;https:\/\/www.facebook.com\/borokagyokeregyesulet\/&#8221;][vc_custom_heading text=&#8221;Bor\u00f3kagy\u00f6k\u00e9r Egyes\u00fclet&#8221; font_container=&#8221;tag:h4|text_align:center&#8221; use_theme_fonts=&#8221;yes&#8221; css=&#8221;&#8221; link=&#8221;url:https%3A%2F%2Fwww.facebook.com%2Fborokagyokeregyesulet%2F|target:_blank&#8221;][vc_column_text css=&#8221;&#8221;]Satu&hellip;<\/p>\n","protected":false},"author":1,"featured_media":0,"parent":0,"menu_order":0,"comment_status":"closed","ping_status":"closed","template":"","meta":{"_acf_changed":false,"inline_featured_image":false,"footnotes":""},"class_list":["post-5779","page","type-page","status-publish","hentry","description-off"],"acf":[],"yoast_head":"<!-- This site is optimized with the Yoast SEO plugin v23.6 - https:\/\/yoast.com\/wordpress\/plugins\/seo\/ -->\n<title>Partenerii no\u0219tri - Erd\u00e9lyi Hagyom\u00e1nyok H\u00e1za<\/title>\n<meta name=\"robots\" content=\"index, follow, max-snippet:-1, max-image-preview:large, max-video-preview:-1\" \/>\n<link rel=\"canonical\" href=\"https:\/\/ehh.ro\/ro\/partenerii-nostri\/\" \/>\n<meta property=\"og:locale\" content=\"ro_RO\" \/>\n<meta property=\"og:type\" content=\"article\" \/>\n<meta property=\"og:title\" content=\"Partenerii no\u0219tri - Erd\u00e9lyi Hagyom\u00e1nyok H\u00e1za\" \/>\n<meta property=\"og:description\" content=\"[vc_row][vc_column][vc_custom_heading text=&#8221;Parteneri profesioni\u0219ti&#8221; font_container=&#8221;tag:h2|text_align:center&#8221; use_theme_fonts=&#8221;yes&#8221; css=&#8221;&#8221; el_class=&#8221;mb-2&#8243;][\/vc_column][\/vc_row][vc_row el_class=&#8221;row-partners highlighted&#8221;][vc_column width=&#8221;1\/3&#8243;][\/vc_column][vc_column width=&#8221;1\/3&#8243;][vc_single_image image=&#8221;386&#8243; img_size=&#8221;full&#8221; alignment=&#8221;center&#8221; onclick=&#8221;custom_link&#8221; img_link_target=&#8221;_blank&#8221; css_animation=&#8221;fadeIn&#8221; css=&#8221;&#8221; image_hovers=&#8221;false&#8221; lazy_loading=&#8221;true&#8221; link=&#8221;https:\/\/hagyomanyokhaza.hu\/hu&#8221;][vc_custom_heading text=&#8221;Hagyom\u00e1nyok H\u00e1za&#8221; font_container=&#8221;tag:h4|text_align:center&#8221; use_theme_fonts=&#8221;yes&#8221; css=&#8221;&#8221; link=&#8221;url:https%3A%2F%2Fhagyomanyokhaza.hu%2Fhu|target:_blank&#8221;][vc_column_text css=&#8221;&#8221;]Budapesta[\/vc_column_text][\/vc_column][vc_column width=&#8221;1\/3&#8243;][\/vc_column][\/vc_row][vc_row el_class=&#8221;mb-3&#8243;][vc_column][\/vc_column][\/vc_row][vc_row][vc_column][vc_custom_heading text=&#8221;Parteneri strategici&#8221; font_container=&#8221;tag:h2|text_align:center&#8221; use_theme_fonts=&#8221;yes&#8221; css=&#8221;&#8221; el_class=&#8221;mb-2&#8243;][\/vc_column][\/vc_row][vc_row el_class=&#8221;row-partners&#8221;][vc_column width=&#8221;1\/4&#8243;][vc_single_image image=&#8221;420&#8243; img_size=&#8221;full&#8221; alignment=&#8221;center&#8221; onclick=&#8221;custom_link&#8221; img_link_target=&#8221;_blank&#8221; css_animation=&#8221;fadeIn&#8221; css=&#8221;&#8221; image_hovers=&#8221;false&#8221; lazy_loading=&#8221;true&#8221; link=&#8221;https:\/\/www.facebook.com\/borokagyokeregyesulet\/&#8221;][vc_custom_heading text=&#8221;Bor\u00f3kagy\u00f6k\u00e9r Egyes\u00fclet&#8221; font_container=&#8221;tag:h4|text_align:center&#8221; use_theme_fonts=&#8221;yes&#8221; css=&#8221;&#8221; link=&#8221;url:https%3A%2F%2Fwww.facebook.com%2Fborokagyokeregyesulet%2F|target:_blank&#8221;][vc_column_text css=&#8221;&#8221;]Satu&hellip;\" \/>\n<meta property=\"og:url\" content=\"https:\/\/ehh.ro\/ro\/partenerii-nostri\/\" \/>\n<meta property=\"og:site_name\" content=\"Erd\u00e9lyi Hagyom\u00e1nyok H\u00e1za\" \/>\n<meta property=\"article:publisher\" content=\"https:\/\/www.facebook.com\/ErdelyiHagyomanyokHaza\" \/>\n<meta property=\"article:modified_time\" content=\"2025-02-20T13:50:10+00:00\" \/>\n<meta name=\"twitter:card\" content=\"summary_large_image\" \/>\n<meta name=\"twitter:label1\" content=\"Timp estimat pentru citire\" \/>\n\t<meta name=\"twitter:data1\" content=\"4 minute\" \/>\n<script type=\"application\/ld+json\" class=\"yoast-schema-graph\">{\"@context\":\"https:\/\/schema.org\",\"@graph\":[{\"@type\":\"WebPage\",\"@id\":\"https:\/\/ehh.ro\/ro\/partenerii-nostri\/\",\"url\":\"https:\/\/ehh.ro\/ro\/partenerii-nostri\/\",\"name\":\"Partenerii no\u0219tri - Erd\u00e9lyi Hagyom\u00e1nyok H\u00e1za\",\"isPartOf\":{\"@id\":\"https:\/\/ehh.ro\/#website\"},\"datePublished\":\"2024-10-24T20:30:04+00:00\",\"dateModified\":\"2025-02-20T13:50:10+00:00\",\"breadcrumb\":{\"@id\":\"https:\/\/ehh.ro\/ro\/partenerii-nostri\/#breadcrumb\"},\"inLanguage\":\"ro-RO\",\"potentialAction\":[{\"@type\":\"ReadAction\",\"target\":[\"https:\/\/ehh.ro\/ro\/partenerii-nostri\/\"]}]},{\"@type\":\"BreadcrumbList\",\"@id\":\"https:\/\/ehh.ro\/ro\/partenerii-nostri\/#breadcrumb\",\"itemListElement\":[{\"@type\":\"ListItem\",\"position\":1,\"name\":\"Home\",\"item\":\"https:\/\/ehh.ro\/ro\/\"},{\"@type\":\"ListItem\",\"position\":2,\"name\":\"Partenerii no\u0219tri\"}]},{\"@type\":\"WebSite\",\"@id\":\"https:\/\/ehh.ro\/#website\",\"url\":\"https:\/\/ehh.ro\/\",\"name\":\"Erd\u00e9lyi Hagyom\u00e1nyok H\u00e1za\",\"description\":\"\",\"publisher\":{\"@id\":\"https:\/\/ehh.ro\/#organization\"},\"potentialAction\":[{\"@type\":\"SearchAction\",\"target\":{\"@type\":\"EntryPoint\",\"urlTemplate\":\"https:\/\/ehh.ro\/?s={search_term_string}\"},\"query-input\":{\"@type\":\"PropertyValueSpecification\",\"valueRequired\":true,\"valueName\":\"search_term_string\"}}],\"inLanguage\":\"ro-RO\"},{\"@type\":\"Organization\",\"@id\":\"https:\/\/ehh.ro\/#organization\",\"name\":\"Erd\u00e9lyi Hagyom\u00e1nyok H\u00e1za\",\"url\":\"https:\/\/ehh.ro\/\",\"logo\":{\"@type\":\"ImageObject\",\"inLanguage\":\"ro-RO\",\"@id\":\"https:\/\/ehh.ro\/#\/schema\/logo\/image\/\",\"url\":\"https:\/\/ehh.ro\/wp-content\/uploads\/2024\/10\/favicon-152.png\",\"contentUrl\":\"https:\/\/ehh.ro\/wp-content\/uploads\/2024\/10\/favicon-152.png\",\"width\":152,\"height\":152,\"caption\":\"Erd\u00e9lyi Hagyom\u00e1nyok H\u00e1za\"},\"image\":{\"@id\":\"https:\/\/ehh.ro\/#\/schema\/logo\/image\/\"},\"sameAs\":[\"https:\/\/www.facebook.com\/ErdelyiHagyomanyokHaza\"]}]}<\/script>\n<!-- \/ Yoast SEO plugin. -->","yoast_head_json":{"title":"Partenerii no\u0219tri - Erd\u00e9lyi Hagyom\u00e1nyok H\u00e1za","robots":{"index":"index","follow":"follow","max-snippet":"max-snippet:-1","max-image-preview":"max-image-preview:large","max-video-preview":"max-video-preview:-1"},"canonical":"https:\/\/ehh.ro\/ro\/partenerii-nostri\/","og_locale":"ro_RO","og_type":"article","og_title":"Partenerii no\u0219tri - Erd\u00e9lyi Hagyom\u00e1nyok H\u00e1za","og_description":"[vc_row][vc_column][vc_custom_heading text=&#8221;Parteneri profesioni\u0219ti&#8221; font_container=&#8221;tag:h2|text_align:center&#8221; use_theme_fonts=&#8221;yes&#8221; css=&#8221;&#8221; el_class=&#8221;mb-2&#8243;][\/vc_column][\/vc_row][vc_row el_class=&#8221;row-partners highlighted&#8221;][vc_column width=&#8221;1\/3&#8243;][\/vc_column][vc_column width=&#8221;1\/3&#8243;][vc_single_image image=&#8221;386&#8243; img_size=&#8221;full&#8221; alignment=&#8221;center&#8221; onclick=&#8221;custom_link&#8221; img_link_target=&#8221;_blank&#8221; css_animation=&#8221;fadeIn&#8221; css=&#8221;&#8221; image_hovers=&#8221;false&#8221; lazy_loading=&#8221;true&#8221; link=&#8221;https:\/\/hagyomanyokhaza.hu\/hu&#8221;][vc_custom_heading text=&#8221;Hagyom\u00e1nyok H\u00e1za&#8221; font_container=&#8221;tag:h4|text_align:center&#8221; use_theme_fonts=&#8221;yes&#8221; css=&#8221;&#8221; link=&#8221;url:https%3A%2F%2Fhagyomanyokhaza.hu%2Fhu|target:_blank&#8221;][vc_column_text css=&#8221;&#8221;]Budapesta[\/vc_column_text][\/vc_column][vc_column width=&#8221;1\/3&#8243;][\/vc_column][\/vc_row][vc_row el_class=&#8221;mb-3&#8243;][vc_column][\/vc_column][\/vc_row][vc_row][vc_column][vc_custom_heading text=&#8221;Parteneri strategici&#8221; font_container=&#8221;tag:h2|text_align:center&#8221; use_theme_fonts=&#8221;yes&#8221; css=&#8221;&#8221; el_class=&#8221;mb-2&#8243;][\/vc_column][\/vc_row][vc_row el_class=&#8221;row-partners&#8221;][vc_column width=&#8221;1\/4&#8243;][vc_single_image image=&#8221;420&#8243; img_size=&#8221;full&#8221; alignment=&#8221;center&#8221; onclick=&#8221;custom_link&#8221; img_link_target=&#8221;_blank&#8221; css_animation=&#8221;fadeIn&#8221; css=&#8221;&#8221; image_hovers=&#8221;false&#8221; lazy_loading=&#8221;true&#8221; link=&#8221;https:\/\/www.facebook.com\/borokagyokeregyesulet\/&#8221;][vc_custom_heading text=&#8221;Bor\u00f3kagy\u00f6k\u00e9r Egyes\u00fclet&#8221; font_container=&#8221;tag:h4|text_align:center&#8221; use_theme_fonts=&#8221;yes&#8221; css=&#8221;&#8221; link=&#8221;url:https%3A%2F%2Fwww.facebook.com%2Fborokagyokeregyesulet%2F|target:_blank&#8221;][vc_column_text css=&#8221;&#8221;]Satu&hellip;","og_url":"https:\/\/ehh.ro\/ro\/partenerii-nostri\/","og_site_name":"Erd\u00e9lyi Hagyom\u00e1nyok H\u00e1za","article_publisher":"https:\/\/www.facebook.com\/ErdelyiHagyomanyokHaza","article_modified_time":"2025-02-20T13:50:10+00:00","twitter_card":"summary_large_image","twitter_misc":{"Timp estimat pentru citire":"4 minute"},"schema":{"@context":"https:\/\/schema.org","@graph":[{"@type":"WebPage","@id":"https:\/\/ehh.ro\/ro\/partenerii-nostri\/","url":"https:\/\/ehh.ro\/ro\/partenerii-nostri\/","name":"Partenerii no\u0219tri - Erd\u00e9lyi Hagyom\u00e1nyok H\u00e1za","isPartOf":{"@id":"https:\/\/ehh.ro\/#website"},"datePublished":"2024-10-24T20:30:04+00:00","dateModified":"2025-02-20T13:50:10+00:00","breadcrumb":{"@id":"https:\/\/ehh.ro\/ro\/partenerii-nostri\/#breadcrumb"},"inLanguage":"ro-RO","potentialAction":[{"@type":"ReadAction","target":["https:\/\/ehh.ro\/ro\/partenerii-nostri\/"]}]},{"@type":"BreadcrumbList","@id":"https:\/\/ehh.ro\/ro\/partenerii-nostri\/#breadcrumb","itemListElement":[{"@type":"ListItem","position":1,"name":"Home","item":"https:\/\/ehh.ro\/ro\/"},{"@type":"ListItem","position":2,"name":"Partenerii no\u0219tri"}]},{"@type":"WebSite","@id":"https:\/\/ehh.ro\/#website","url":"https:\/\/ehh.ro\/","name":"Erd\u00e9lyi Hagyom\u00e1nyok H\u00e1za","description":"","publisher":{"@id":"https:\/\/ehh.ro\/#organization"},"potentialAction":[{"@type":"SearchAction","target":{"@type":"EntryPoint","urlTemplate":"https:\/\/ehh.ro\/?s={search_term_string}"},"query-input":{"@type":"PropertyValueSpecification","valueRequired":true,"valueName":"search_term_string"}}],"inLanguage":"ro-RO"},{"@type":"Organization","@id":"https:\/\/ehh.ro\/#organization","name":"Erd\u00e9lyi Hagyom\u00e1nyok H\u00e1za","url":"https:\/\/ehh.ro\/","logo":{"@type":"ImageObject","inLanguage":"ro-RO","@id":"https:\/\/ehh.ro\/#\/schema\/logo\/image\/","url":"https:\/\/ehh.ro\/wp-content\/uploads\/2024\/10\/favicon-152.png","contentUrl":"https:\/\/ehh.ro\/wp-content\/uploads\/2024\/10\/favicon-152.png","width":152,"height":152,"caption":"Erd\u00e9lyi Hagyom\u00e1nyok H\u00e1za"},"image":{"@id":"https:\/\/ehh.ro\/#\/schema\/logo\/image\/"},"sameAs":["https:\/\/www.facebook.com\/ErdelyiHagyomanyokHaza"]}]}},"_links":{"self":[{"href":"https:\/\/ehh.ro\/ro\/wp-json\/wp\/v2\/pages\/5779","targetHints":{"allow":["GET"]}}],"collection":[{"href":"https:\/\/ehh.ro\/ro\/wp-json\/wp\/v2\/pages"}],"about":[{"href":"https:\/\/ehh.ro\/ro\/wp-json\/wp\/v2\/types\/page"}],"author":[{"embeddable":true,"href":"https:\/\/ehh.ro\/ro\/wp-json\/wp\/v2\/users\/1"}],"replies":[{"embeddable":true,"href":"https:\/\/ehh.ro\/ro\/wp-json\/wp\/v2\/comments?post=5779"}],"version-history":[{"count":4,"href":"https:\/\/ehh.ro\/ro\/wp-json\/wp\/v2\/pages\/5779\/revisions"}],"predecessor-version":[{"id":6016,"href":"https:\/\/ehh.ro\/ro\/wp-json\/wp\/v2\/pages\/5779\/revisions\/6016"}],"wp:attachment":[{"href":"https:\/\/ehh.ro\/ro\/wp-json\/wp\/v2\/media?parent=5779"}],"curies":[{"name":"wp","href":"https:\/\/api.w.org\/{rel}","templated":true}]}}