{"id":5773,"date":"2024-10-10T10:54:05","date_gmt":"2024-10-10T08:54:05","guid":{"rendered":"https:\/\/ehh.ro\/kuratorium\/"},"modified":"2025-03-05T07:13:59","modified_gmt":"2025-03-05T06:13:59","slug":"curatoriu","status":"publish","type":"page","link":"https:\/\/ehh.ro\/ro\/curatoriu\/","title":{"rendered":"Consiliu director"},"content":{"rendered":"<div class=\"wpb-content-wrapper\"><p>[vc_row el_class=&#8221;row-kuratorium&#8221;][vc_column width=&#8221;1\/4&#8243;][vc_single_image image=&#8221;72&#8243; img_size=&#8221;full&#8221; alignment=&#8221;center&#8221; css=&#8221;&#8221; lazy_loading=&#8221;true&#8221;][vc_custom_heading text=&#8221;Kelemen L\u00e1szl\u00f3&#8221; font_container=&#8221;tag:h3|text_align:center&#8221; use_theme_fonts=&#8221;yes&#8221; css=&#8221;&#8221;][\/vc_column][vc_column width=&#8221;1\/4&#8243;][vc_single_image image=&#8221;77&#8243; img_size=&#8221;full&#8221; alignment=&#8221;center&#8221; css=&#8221;&#8221; lazy_loading=&#8221;true&#8221;][vc_custom_heading text=&#8221;Dr. T\u00f6r\u00f6k Istv\u00e1n&#8221; font_container=&#8221;tag:h3|text_align:center&#8221; use_theme_fonts=&#8221;yes&#8221; css=&#8221;&#8221;][\/vc_column][vc_column width=&#8221;1\/4&#8243;][vc_single_image image=&#8221;75&#8243; img_size=&#8221;full&#8221; alignment=&#8221;center&#8221; css=&#8221;&#8221; lazy_loading=&#8221;true&#8221;][vc_custom_heading text=&#8221;Orendi Istv\u00e1n&#8221; font_container=&#8221;tag:h3|text_align:center&#8221; use_theme_fonts=&#8221;yes&#8221; css=&#8221;&#8221;][\/vc_column][vc_column width=&#8221;1\/4&#8243;][vc_single_image image=&#8221;69&#8243; img_size=&#8221;full&#8221; alignment=&#8221;center&#8221; css=&#8221;&#8221; lazy_loading=&#8221;true&#8221;][vc_custom_heading text=&#8221;Farkas Em\u0151d D\u00e9nes&#8221; font_container=&#8221;tag:h3|text_align:center&#8221; use_theme_fonts=&#8221;yes&#8221; css=&#8221;&#8221;][\/vc_column][\/vc_row][vc_row el_class=&#8221;row-kuratorium&#8221;][vc_column width=&#8221;1\/4&#8243;][vc_single_image image=&#8221;67&#8243; img_size=&#8221;full&#8221; alignment=&#8221;center&#8221; css=&#8221;&#8221; lazy_loading=&#8221;true&#8221;][vc_custom_heading text=&#8221;Balla Ferenc&#8221; font_container=&#8221;tag:h3|text_align:center&#8221; use_theme_fonts=&#8221;yes&#8221; css=&#8221;&#8221;][\/vc_column][vc_column width=&#8221;1\/4&#8243;][vc_single_image image=&#8221;70&#8243; img_size=&#8221;full&#8221; alignment=&#8221;center&#8221; css=&#8221;&#8221; lazy_loading=&#8221;true&#8221;][vc_custom_heading text=&#8221;Roth Erzs\u00e9bet&#8221; font_container=&#8221;tag:h3|text_align:center&#8221; use_theme_fonts=&#8221;yes&#8221; css=&#8221;&#8221;][\/vc_column][vc_column width=&#8221;1\/4&#8243;][vc_single_image image=&#8221;73&#8243; img_size=&#8221;full&#8221; alignment=&#8221;center&#8221; css=&#8221;&#8221; lazy_loading=&#8221;true&#8221;][vc_custom_heading text=&#8221;K\u00f6nczei Csongor&#8221; font_container=&#8221;tag:h3|text_align:center&#8221; use_theme_fonts=&#8221;yes&#8221; css=&#8221;&#8221;][\/vc_column][vc_column width=&#8221;1\/4&#8243;][vc_single_image image=&#8221;74&#8243; img_size=&#8221;full&#8221; alignment=&#8221;center&#8221; css=&#8221;&#8221; lazy_loading=&#8221;true&#8221;][vc_custom_heading text=&#8221;Orcsik Attila&#8221; font_container=&#8221;tag:h3|text_align:center&#8221; use_theme_fonts=&#8221;yes&#8221; css=&#8221;&#8221;][\/vc_column][\/vc_row][vc_row el_class=&#8221;row-kuratorium&#8221;][vc_column width=&#8221;1\/4&#8243;][\/vc_column][vc_column width=&#8221;1\/4&#8243;][vc_single_image image=&#8221;68&#8243; img_size=&#8221;full&#8221; alignment=&#8221;center&#8221; css=&#8221;&#8221; lazy_loading=&#8221;true&#8221;][vc_custom_heading text=&#8221;Benedek \u00c1rp\u00e1d&#8221; font_container=&#8221;tag:h3|text_align:center&#8221; use_theme_fonts=&#8221;yes&#8221; css=&#8221;&#8221;][\/vc_column][vc_column width=&#8221;1\/4&#8243;][vc_single_image image=&#8221;76&#8243; img_size=&#8221;full&#8221; alignment=&#8221;center&#8221; css=&#8221;&#8221; lazy_loading=&#8221;true&#8221;][vc_custom_heading text=&#8221;Dr. S\u00e1ndor Krisztina&#8221; font_container=&#8221;tag:h3|text_align:center&#8221; use_theme_fonts=&#8221;yes&#8221; css=&#8221;&#8221;][\/vc_column][vc_column width=&#8221;1\/4&#8243;][\/vc_column][\/vc_row]<\/p>\n<\/div>","protected":false},"excerpt":{"rendered":"<p>[vc_row el_class=&#8221;row-kuratorium&#8221;][vc_column width=&#8221;1\/4&#8243;][vc_single_image image=&#8221;72&#8243; img_size=&#8221;full&#8221; alignment=&#8221;center&#8221; css=&#8221;&#8221; lazy_loading=&#8221;true&#8221;][vc_custom_heading text=&#8221;Kelemen L\u00e1szl\u00f3&#8221; font_container=&#8221;tag:h3|text_align:center&#8221; use_theme_fonts=&#8221;yes&#8221; css=&#8221;&#8221;][\/vc_column][vc_column width=&#8221;1\/4&#8243;][vc_single_image image=&#8221;77&#8243; img_size=&#8221;full&#8221; alignment=&#8221;center&#8221; css=&#8221;&#8221; lazy_loading=&#8221;true&#8221;][vc_custom_heading text=&#8221;Dr. T\u00f6r\u00f6k Istv\u00e1n&#8221; font_container=&#8221;tag:h3|text_align:center&#8221; use_theme_fonts=&#8221;yes&#8221; css=&#8221;&#8221;][\/vc_column][vc_column width=&#8221;1\/4&#8243;][vc_single_image image=&#8221;75&#8243; img_size=&#8221;full&#8221; alignment=&#8221;center&#8221; css=&#8221;&#8221; lazy_loading=&#8221;true&#8221;][vc_custom_heading text=&#8221;Orendi Istv\u00e1n&#8221; font_container=&#8221;tag:h3|text_align:center&#8221; use_theme_fonts=&#8221;yes&#8221; css=&#8221;&#8221;][\/vc_column][vc_column width=&#8221;1\/4&#8243;][vc_single_image image=&#8221;69&#8243; img_size=&#8221;full&#8221; alignment=&#8221;center&#8221; css=&#8221;&#8221; lazy_loading=&#8221;true&#8221;][vc_custom_heading text=&#8221;Farkas Em\u0151d D\u00e9nes&#8221; font_container=&#8221;tag:h3|text_align:center&#8221; use_theme_fonts=&#8221;yes&#8221; css=&#8221;&#8221;][\/vc_column][\/vc_row][vc_row el_class=&#8221;row-kuratorium&#8221;][vc_column width=&#8221;1\/4&#8243;][vc_single_image image=&#8221;67&#8243; img_size=&#8221;full&#8221; alignment=&#8221;center&#8221; css=&#8221;&#8221; lazy_loading=&#8221;true&#8221;][vc_custom_heading&hellip;<\/p>\n","protected":false},"author":1,"featured_media":0,"parent":0,"menu_order":0,"comment_status":"closed","ping_status":"closed","template":"","meta":{"_acf_changed":false,"inline_featured_image":false,"footnotes":""},"class_list":["post-5773","page","type-page","status-publish","hentry","description-off"],"acf":[],"yoast_head":"<!-- This site is optimized with the Yoast SEO plugin v23.6 - https:\/\/yoast.com\/wordpress\/plugins\/seo\/ -->\n<title>Consiliu director - Erd\u00e9lyi Hagyom\u00e1nyok H\u00e1za<\/title>\n<meta name=\"robots\" content=\"index, follow, max-snippet:-1, max-image-preview:large, max-video-preview:-1\" \/>\n<link rel=\"canonical\" href=\"https:\/\/ehh.ro\/ro\/curatoriu\/\" \/>\n<meta property=\"og:locale\" content=\"ro_RO\" \/>\n<meta property=\"og:type\" content=\"article\" \/>\n<meta property=\"og:title\" content=\"Consiliu director - Erd\u00e9lyi Hagyom\u00e1nyok H\u00e1za\" \/>\n<meta property=\"og:description\" content=\"[vc_row el_class=&#8221;row-kuratorium&#8221;][vc_column width=&#8221;1\/4&#8243;][vc_single_image image=&#8221;72&#8243; img_size=&#8221;full&#8221; alignment=&#8221;center&#8221; css=&#8221;&#8221; lazy_loading=&#8221;true&#8221;][vc_custom_heading text=&#8221;Kelemen L\u00e1szl\u00f3&#8221; font_container=&#8221;tag:h3|text_align:center&#8221; use_theme_fonts=&#8221;yes&#8221; css=&#8221;&#8221;][\/vc_column][vc_column width=&#8221;1\/4&#8243;][vc_single_image image=&#8221;77&#8243; img_size=&#8221;full&#8221; alignment=&#8221;center&#8221; css=&#8221;&#8221; lazy_loading=&#8221;true&#8221;][vc_custom_heading text=&#8221;Dr. T\u00f6r\u00f6k Istv\u00e1n&#8221; font_container=&#8221;tag:h3|text_align:center&#8221; use_theme_fonts=&#8221;yes&#8221; css=&#8221;&#8221;][\/vc_column][vc_column width=&#8221;1\/4&#8243;][vc_single_image image=&#8221;75&#8243; img_size=&#8221;full&#8221; alignment=&#8221;center&#8221; css=&#8221;&#8221; lazy_loading=&#8221;true&#8221;][vc_custom_heading text=&#8221;Orendi Istv\u00e1n&#8221; font_container=&#8221;tag:h3|text_align:center&#8221; use_theme_fonts=&#8221;yes&#8221; css=&#8221;&#8221;][\/vc_column][vc_column width=&#8221;1\/4&#8243;][vc_single_image image=&#8221;69&#8243; img_size=&#8221;full&#8221; alignment=&#8221;center&#8221; css=&#8221;&#8221; lazy_loading=&#8221;true&#8221;][vc_custom_heading text=&#8221;Farkas Em\u0151d D\u00e9nes&#8221; font_container=&#8221;tag:h3|text_align:center&#8221; use_theme_fonts=&#8221;yes&#8221; css=&#8221;&#8221;][\/vc_column][\/vc_row][vc_row el_class=&#8221;row-kuratorium&#8221;][vc_column width=&#8221;1\/4&#8243;][vc_single_image image=&#8221;67&#8243; img_size=&#8221;full&#8221; alignment=&#8221;center&#8221; css=&#8221;&#8221; lazy_loading=&#8221;true&#8221;][vc_custom_heading&hellip;\" \/>\n<meta property=\"og:url\" content=\"https:\/\/ehh.ro\/ro\/curatoriu\/\" \/>\n<meta property=\"og:site_name\" content=\"Erd\u00e9lyi Hagyom\u00e1nyok H\u00e1za\" \/>\n<meta property=\"article:publisher\" content=\"https:\/\/www.facebook.com\/ErdelyiHagyomanyokHaza\" \/>\n<meta property=\"article:modified_time\" content=\"2025-03-05T06:13:59+00:00\" \/>\n<meta name=\"twitter:card\" content=\"summary_large_image\" \/>\n<meta name=\"twitter:label1\" content=\"Timp estimat pentru citire\" \/>\n\t<meta name=\"twitter:data1\" content=\"1 minut\" \/>\n<script type=\"application\/ld+json\" class=\"yoast-schema-graph\">{\"@context\":\"https:\/\/schema.org\",\"@graph\":[{\"@type\":\"WebPage\",\"@id\":\"https:\/\/ehh.ro\/ro\/curatoriu\/\",\"url\":\"https:\/\/ehh.ro\/ro\/curatoriu\/\",\"name\":\"Consiliu director - Erd\u00e9lyi Hagyom\u00e1nyok H\u00e1za\",\"isPartOf\":{\"@id\":\"https:\/\/ehh.ro\/#website\"},\"datePublished\":\"2024-10-10T08:54:05+00:00\",\"dateModified\":\"2025-03-05T06:13:59+00:00\",\"breadcrumb\":{\"@id\":\"https:\/\/ehh.ro\/ro\/curatoriu\/#breadcrumb\"},\"inLanguage\":\"ro-RO\",\"potentialAction\":[{\"@type\":\"ReadAction\",\"target\":[\"https:\/\/ehh.ro\/ro\/curatoriu\/\"]}]},{\"@type\":\"BreadcrumbList\",\"@id\":\"https:\/\/ehh.ro\/ro\/curatoriu\/#breadcrumb\",\"itemListElement\":[{\"@type\":\"ListItem\",\"position\":1,\"name\":\"Home\",\"item\":\"https:\/\/ehh.ro\/ro\/\"},{\"@type\":\"ListItem\",\"position\":2,\"name\":\"Consiliu director\"}]},{\"@type\":\"WebSite\",\"@id\":\"https:\/\/ehh.ro\/#website\",\"url\":\"https:\/\/ehh.ro\/\",\"name\":\"Erd\u00e9lyi Hagyom\u00e1nyok H\u00e1za\",\"description\":\"\",\"publisher\":{\"@id\":\"https:\/\/ehh.ro\/#organization\"},\"potentialAction\":[{\"@type\":\"SearchAction\",\"target\":{\"@type\":\"EntryPoint\",\"urlTemplate\":\"https:\/\/ehh.ro\/?s={search_term_string}\"},\"query-input\":{\"@type\":\"PropertyValueSpecification\",\"valueRequired\":true,\"valueName\":\"search_term_string\"}}],\"inLanguage\":\"ro-RO\"},{\"@type\":\"Organization\",\"@id\":\"https:\/\/ehh.ro\/#organization\",\"name\":\"Erd\u00e9lyi Hagyom\u00e1nyok H\u00e1za\",\"url\":\"https:\/\/ehh.ro\/\",\"logo\":{\"@type\":\"ImageObject\",\"inLanguage\":\"ro-RO\",\"@id\":\"https:\/\/ehh.ro\/#\/schema\/logo\/image\/\",\"url\":\"https:\/\/ehh.ro\/wp-content\/uploads\/2024\/10\/favicon-152.png\",\"contentUrl\":\"https:\/\/ehh.ro\/wp-content\/uploads\/2024\/10\/favicon-152.png\",\"width\":152,\"height\":152,\"caption\":\"Erd\u00e9lyi Hagyom\u00e1nyok H\u00e1za\"},\"image\":{\"@id\":\"https:\/\/ehh.ro\/#\/schema\/logo\/image\/\"},\"sameAs\":[\"https:\/\/www.facebook.com\/ErdelyiHagyomanyokHaza\"]}]}<\/script>\n<!-- \/ Yoast SEO plugin. -->","yoast_head_json":{"title":"Consiliu director - Erd\u00e9lyi Hagyom\u00e1nyok H\u00e1za","robots":{"index":"index","follow":"follow","max-snippet":"max-snippet:-1","max-image-preview":"max-image-preview:large","max-video-preview":"max-video-preview:-1"},"canonical":"https:\/\/ehh.ro\/ro\/curatoriu\/","og_locale":"ro_RO","og_type":"article","og_title":"Consiliu director - Erd\u00e9lyi Hagyom\u00e1nyok H\u00e1za","og_description":"[vc_row el_class=&#8221;row-kuratorium&#8221;][vc_column width=&#8221;1\/4&#8243;][vc_single_image image=&#8221;72&#8243; img_size=&#8221;full&#8221; alignment=&#8221;center&#8221; css=&#8221;&#8221; lazy_loading=&#8221;true&#8221;][vc_custom_heading text=&#8221;Kelemen L\u00e1szl\u00f3&#8221; font_container=&#8221;tag:h3|text_align:center&#8221; use_theme_fonts=&#8221;yes&#8221; css=&#8221;&#8221;][\/vc_column][vc_column width=&#8221;1\/4&#8243;][vc_single_image image=&#8221;77&#8243; img_size=&#8221;full&#8221; alignment=&#8221;center&#8221; css=&#8221;&#8221; lazy_loading=&#8221;true&#8221;][vc_custom_heading text=&#8221;Dr. T\u00f6r\u00f6k Istv\u00e1n&#8221; font_container=&#8221;tag:h3|text_align:center&#8221; use_theme_fonts=&#8221;yes&#8221; css=&#8221;&#8221;][\/vc_column][vc_column width=&#8221;1\/4&#8243;][vc_single_image image=&#8221;75&#8243; img_size=&#8221;full&#8221; alignment=&#8221;center&#8221; css=&#8221;&#8221; lazy_loading=&#8221;true&#8221;][vc_custom_heading text=&#8221;Orendi Istv\u00e1n&#8221; font_container=&#8221;tag:h3|text_align:center&#8221; use_theme_fonts=&#8221;yes&#8221; css=&#8221;&#8221;][\/vc_column][vc_column width=&#8221;1\/4&#8243;][vc_single_image image=&#8221;69&#8243; img_size=&#8221;full&#8221; alignment=&#8221;center&#8221; css=&#8221;&#8221; lazy_loading=&#8221;true&#8221;][vc_custom_heading text=&#8221;Farkas Em\u0151d D\u00e9nes&#8221; font_container=&#8221;tag:h3|text_align:center&#8221; use_theme_fonts=&#8221;yes&#8221; css=&#8221;&#8221;][\/vc_column][\/vc_row][vc_row el_class=&#8221;row-kuratorium&#8221;][vc_column width=&#8221;1\/4&#8243;][vc_single_image image=&#8221;67&#8243; img_size=&#8221;full&#8221; alignment=&#8221;center&#8221; css=&#8221;&#8221; lazy_loading=&#8221;true&#8221;][vc_custom_heading&hellip;","og_url":"https:\/\/ehh.ro\/ro\/curatoriu\/","og_site_name":"Erd\u00e9lyi Hagyom\u00e1nyok H\u00e1za","article_publisher":"https:\/\/www.facebook.com\/ErdelyiHagyomanyokHaza","article_modified_time":"2025-03-05T06:13:59+00:00","twitter_card":"summary_large_image","twitter_misc":{"Timp estimat pentru citire":"1 minut"},"schema":{"@context":"https:\/\/schema.org","@graph":[{"@type":"WebPage","@id":"https:\/\/ehh.ro\/ro\/curatoriu\/","url":"https:\/\/ehh.ro\/ro\/curatoriu\/","name":"Consiliu director - Erd\u00e9lyi Hagyom\u00e1nyok H\u00e1za","isPartOf":{"@id":"https:\/\/ehh.ro\/#website"},"datePublished":"2024-10-10T08:54:05+00:00","dateModified":"2025-03-05T06:13:59+00:00","breadcrumb":{"@id":"https:\/\/ehh.ro\/ro\/curatoriu\/#breadcrumb"},"inLanguage":"ro-RO","potentialAction":[{"@type":"ReadAction","target":["https:\/\/ehh.ro\/ro\/curatoriu\/"]}]},{"@type":"BreadcrumbList","@id":"https:\/\/ehh.ro\/ro\/curatoriu\/#breadcrumb","itemListElement":[{"@type":"ListItem","position":1,"name":"Home","item":"https:\/\/ehh.ro\/ro\/"},{"@type":"ListItem","position":2,"name":"Consiliu director"}]},{"@type":"WebSite","@id":"https:\/\/ehh.ro\/#website","url":"https:\/\/ehh.ro\/","name":"Erd\u00e9lyi Hagyom\u00e1nyok H\u00e1za","description":"","publisher":{"@id":"https:\/\/ehh.ro\/#organization"},"potentialAction":[{"@type":"SearchAction","target":{"@type":"EntryPoint","urlTemplate":"https:\/\/ehh.ro\/?s={search_term_string}"},"query-input":{"@type":"PropertyValueSpecification","valueRequired":true,"valueName":"search_term_string"}}],"inLanguage":"ro-RO"},{"@type":"Organization","@id":"https:\/\/ehh.ro\/#organization","name":"Erd\u00e9lyi Hagyom\u00e1nyok H\u00e1za","url":"https:\/\/ehh.ro\/","logo":{"@type":"ImageObject","inLanguage":"ro-RO","@id":"https:\/\/ehh.ro\/#\/schema\/logo\/image\/","url":"https:\/\/ehh.ro\/wp-content\/uploads\/2024\/10\/favicon-152.png","contentUrl":"https:\/\/ehh.ro\/wp-content\/uploads\/2024\/10\/favicon-152.png","width":152,"height":152,"caption":"Erd\u00e9lyi Hagyom\u00e1nyok H\u00e1za"},"image":{"@id":"https:\/\/ehh.ro\/#\/schema\/logo\/image\/"},"sameAs":["https:\/\/www.facebook.com\/ErdelyiHagyomanyokHaza"]}]}},"_links":{"self":[{"href":"https:\/\/ehh.ro\/ro\/wp-json\/wp\/v2\/pages\/5773","targetHints":{"allow":["GET"]}}],"collection":[{"href":"https:\/\/ehh.ro\/ro\/wp-json\/wp\/v2\/pages"}],"about":[{"href":"https:\/\/ehh.ro\/ro\/wp-json\/wp\/v2\/types\/page"}],"author":[{"embeddable":true,"href":"https:\/\/ehh.ro\/ro\/wp-json\/wp\/v2\/users\/1"}],"replies":[{"embeddable":true,"href":"https:\/\/ehh.ro\/ro\/wp-json\/wp\/v2\/comments?post=5773"}],"version-history":[{"count":2,"href":"https:\/\/ehh.ro\/ro\/wp-json\/wp\/v2\/pages\/5773\/revisions"}],"predecessor-version":[{"id":6347,"href":"https:\/\/ehh.ro\/ro\/wp-json\/wp\/v2\/pages\/5773\/revisions\/6347"}],"wp:attachment":[{"href":"https:\/\/ehh.ro\/ro\/wp-json\/wp\/v2\/media?parent=5773"}],"curies":[{"name":"wp","href":"https:\/\/api.w.org\/{rel}","templated":true}]}}