{"id":5766,"date":"2024-10-09T21:23:55","date_gmt":"2024-10-09T19:23:55","guid":{"rendered":"https:\/\/ehh.ro\/bemutatkozas\/"},"modified":"2025-02-20T20:34:43","modified_gmt":"2025-02-20T19:34:43","slug":"prezentare","status":"publish","type":"page","link":"https:\/\/ehh.ro\/ro\/prezentare\/","title":{"rendered":"Prezentare"},"content":{"rendered":"<div class=\"wpb-content-wrapper\"><p>[vc_row][vc_column][vc_single_image image=&#8221;2851&#8243; img_size=&#8221;full&#8221; alignment=&#8221;center&#8221; css=&#8221;&#8221; lazy_loading=&#8221;true&#8221;][vc_column_text css=&#8221;&#8221;]Scopul \u0219i misiunea Funda\u021biei Casa Tradi\u021biilor Ardelene\u0219ti este acela de a p\u0103stra, men\u021bine \u00een via\u021b\u0103, aduce la via\u021b\u0103, transmite \u0219i readuce \u00een via\u021ba public\u0103 cultural\u0103 de azi \u0219i de m\u00e2ine, pe \u00eentreg teritoriul Transilvaniei, Partiumului \u0219i Moldovei, elementele culturii populare, artei populare \u0219i a tradi\u021biilor populare care fac parte din cultura tradi\u0163ional\u0103 de odinioar\u0103 din Transilvania sau sunt o parte integrant\u0103 a culturii minoritare pe cale de dispari\u021bie.<\/p>\n<p>Funda\u021bia este partenerul strategic al Casei Tradi\u021biilor din Budapesta, func\u021bioneaz\u0103 \u00eempreun\u0103 cu aceasta, dar \u00een acela\u0219i timp este o unitate independent\u0103. Birourile noastre regionale sunt situate \u00een Oradea, Cluj-Napoca, T\u00e2rgu-Mure\u0219, Odorheiu Secuiesc, Miercurea Ciuc \u0219i Sf\u00e2ntu Gheorghe. Biroul nostru central se afl\u0103 \u00een T\u00e2rgu-Mure\u0219. \u00cen Consiliul de administra\u021bie al Funda\u021biei, format din nou\u0103 membri, particip\u0103 personalit\u0103\u021bi importante din domeniul \u00eengrijirii tradi\u021biilor din Transilvania, precum \u0219i reprezentan\u021bi ai Funda\u021biei Sapientia.<\/p>\n<p>Organiza\u0163ia noastr\u0103 colaboreaz\u0103 cu 12 parteneri strategici, cele \u0219ase birouri regionale au propriile programe, dar \u00een acela\u0219i timp realizeaz\u0103 proiecte \u0219i \u00een colaborare cu alte organiza\u0163ii.[\/vc_column_text][\/vc_column][\/vc_row]<\/p>\n<\/div>","protected":false},"excerpt":{"rendered":"<p>[vc_row][vc_column][vc_single_image image=&#8221;2851&#8243; img_size=&#8221;full&#8221; alignment=&#8221;center&#8221; css=&#8221;&#8221; lazy_loading=&#8221;true&#8221;][vc_column_text css=&#8221;&#8221;]Scopul \u0219i misiunea Funda\u021biei Casa Tradi\u021biilor Ardelene\u0219ti este acela de a p\u0103stra, men\u021bine \u00een via\u021b\u0103, aduce la via\u021b\u0103, transmite \u0219i readuce \u00een via\u021ba public\u0103 cultural\u0103 de azi \u0219i de m\u00e2ine, pe \u00eentreg teritoriul Transilvaniei, Partiumului \u0219i Moldovei, elementele culturii populare, artei populare \u0219i a tradi\u021biilor populare care fac parte&hellip;<\/p>\n","protected":false},"author":1,"featured_media":0,"parent":0,"menu_order":0,"comment_status":"closed","ping_status":"closed","template":"","meta":{"_acf_changed":false,"inline_featured_image":false,"footnotes":""},"class_list":["post-5766","page","type-page","status-publish","hentry","description-off"],"acf":[],"yoast_head":"<!-- This site is optimized with the Yoast SEO plugin v23.6 - https:\/\/yoast.com\/wordpress\/plugins\/seo\/ -->\n<title>Prezentare - Erd\u00e9lyi Hagyom\u00e1nyok H\u00e1za<\/title>\n<meta name=\"robots\" content=\"index, follow, max-snippet:-1, max-image-preview:large, max-video-preview:-1\" \/>\n<link rel=\"canonical\" href=\"https:\/\/ehh.ro\/ro\/prezentare\/\" \/>\n<meta property=\"og:locale\" content=\"ro_RO\" \/>\n<meta property=\"og:type\" content=\"article\" \/>\n<meta property=\"og:title\" content=\"Prezentare - Erd\u00e9lyi Hagyom\u00e1nyok H\u00e1za\" \/>\n<meta property=\"og:description\" content=\"[vc_row][vc_column][vc_single_image image=&#8221;2851&#8243; img_size=&#8221;full&#8221; alignment=&#8221;center&#8221; css=&#8221;&#8221; lazy_loading=&#8221;true&#8221;][vc_column_text css=&#8221;&#8221;]Scopul \u0219i misiunea Funda\u021biei Casa Tradi\u021biilor Ardelene\u0219ti este acela de a p\u0103stra, men\u021bine \u00een via\u021b\u0103, aduce la via\u021b\u0103, transmite \u0219i readuce \u00een via\u021ba public\u0103 cultural\u0103 de azi \u0219i de m\u00e2ine, pe \u00eentreg teritoriul Transilvaniei, Partiumului \u0219i Moldovei, elementele culturii populare, artei populare \u0219i a tradi\u021biilor populare care fac parte&hellip;\" \/>\n<meta property=\"og:url\" content=\"https:\/\/ehh.ro\/ro\/prezentare\/\" \/>\n<meta property=\"og:site_name\" content=\"Erd\u00e9lyi Hagyom\u00e1nyok H\u00e1za\" \/>\n<meta property=\"article:publisher\" content=\"https:\/\/www.facebook.com\/ErdelyiHagyomanyokHaza\" \/>\n<meta property=\"article:modified_time\" content=\"2025-02-20T19:34:43+00:00\" \/>\n<meta name=\"twitter:card\" content=\"summary_large_image\" \/>\n<meta name=\"twitter:label1\" content=\"Timp estimat pentru citire\" \/>\n\t<meta name=\"twitter:data1\" content=\"1 minut\" \/>\n<script type=\"application\/ld+json\" class=\"yoast-schema-graph\">{\"@context\":\"https:\/\/schema.org\",\"@graph\":[{\"@type\":\"WebPage\",\"@id\":\"https:\/\/ehh.ro\/ro\/prezentare\/\",\"url\":\"https:\/\/ehh.ro\/ro\/prezentare\/\",\"name\":\"Prezentare - Erd\u00e9lyi Hagyom\u00e1nyok H\u00e1za\",\"isPartOf\":{\"@id\":\"https:\/\/ehh.ro\/#website\"},\"datePublished\":\"2024-10-09T19:23:55+00:00\",\"dateModified\":\"2025-02-20T19:34:43+00:00\",\"breadcrumb\":{\"@id\":\"https:\/\/ehh.ro\/ro\/prezentare\/#breadcrumb\"},\"inLanguage\":\"ro-RO\",\"potentialAction\":[{\"@type\":\"ReadAction\",\"target\":[\"https:\/\/ehh.ro\/ro\/prezentare\/\"]}]},{\"@type\":\"BreadcrumbList\",\"@id\":\"https:\/\/ehh.ro\/ro\/prezentare\/#breadcrumb\",\"itemListElement\":[{\"@type\":\"ListItem\",\"position\":1,\"name\":\"Home\",\"item\":\"https:\/\/ehh.ro\/ro\/\"},{\"@type\":\"ListItem\",\"position\":2,\"name\":\"Prezentare\"}]},{\"@type\":\"WebSite\",\"@id\":\"https:\/\/ehh.ro\/#website\",\"url\":\"https:\/\/ehh.ro\/\",\"name\":\"Erd\u00e9lyi Hagyom\u00e1nyok H\u00e1za\",\"description\":\"\",\"publisher\":{\"@id\":\"https:\/\/ehh.ro\/#organization\"},\"potentialAction\":[{\"@type\":\"SearchAction\",\"target\":{\"@type\":\"EntryPoint\",\"urlTemplate\":\"https:\/\/ehh.ro\/?s={search_term_string}\"},\"query-input\":{\"@type\":\"PropertyValueSpecification\",\"valueRequired\":true,\"valueName\":\"search_term_string\"}}],\"inLanguage\":\"ro-RO\"},{\"@type\":\"Organization\",\"@id\":\"https:\/\/ehh.ro\/#organization\",\"name\":\"Erd\u00e9lyi Hagyom\u00e1nyok H\u00e1za\",\"url\":\"https:\/\/ehh.ro\/\",\"logo\":{\"@type\":\"ImageObject\",\"inLanguage\":\"ro-RO\",\"@id\":\"https:\/\/ehh.ro\/#\/schema\/logo\/image\/\",\"url\":\"https:\/\/ehh.ro\/wp-content\/uploads\/2024\/10\/favicon-152.png\",\"contentUrl\":\"https:\/\/ehh.ro\/wp-content\/uploads\/2024\/10\/favicon-152.png\",\"width\":152,\"height\":152,\"caption\":\"Erd\u00e9lyi Hagyom\u00e1nyok H\u00e1za\"},\"image\":{\"@id\":\"https:\/\/ehh.ro\/#\/schema\/logo\/image\/\"},\"sameAs\":[\"https:\/\/www.facebook.com\/ErdelyiHagyomanyokHaza\"]}]}<\/script>\n<!-- \/ Yoast SEO plugin. -->","yoast_head_json":{"title":"Prezentare - Erd\u00e9lyi Hagyom\u00e1nyok H\u00e1za","robots":{"index":"index","follow":"follow","max-snippet":"max-snippet:-1","max-image-preview":"max-image-preview:large","max-video-preview":"max-video-preview:-1"},"canonical":"https:\/\/ehh.ro\/ro\/prezentare\/","og_locale":"ro_RO","og_type":"article","og_title":"Prezentare - Erd\u00e9lyi Hagyom\u00e1nyok H\u00e1za","og_description":"[vc_row][vc_column][vc_single_image image=&#8221;2851&#8243; img_size=&#8221;full&#8221; alignment=&#8221;center&#8221; css=&#8221;&#8221; lazy_loading=&#8221;true&#8221;][vc_column_text css=&#8221;&#8221;]Scopul \u0219i misiunea Funda\u021biei Casa Tradi\u021biilor Ardelene\u0219ti este acela de a p\u0103stra, men\u021bine \u00een via\u021b\u0103, aduce la via\u021b\u0103, transmite \u0219i readuce \u00een via\u021ba public\u0103 cultural\u0103 de azi \u0219i de m\u00e2ine, pe \u00eentreg teritoriul Transilvaniei, Partiumului \u0219i Moldovei, elementele culturii populare, artei populare \u0219i a tradi\u021biilor populare care fac parte&hellip;","og_url":"https:\/\/ehh.ro\/ro\/prezentare\/","og_site_name":"Erd\u00e9lyi Hagyom\u00e1nyok H\u00e1za","article_publisher":"https:\/\/www.facebook.com\/ErdelyiHagyomanyokHaza","article_modified_time":"2025-02-20T19:34:43+00:00","twitter_card":"summary_large_image","twitter_misc":{"Timp estimat pentru citire":"1 minut"},"schema":{"@context":"https:\/\/schema.org","@graph":[{"@type":"WebPage","@id":"https:\/\/ehh.ro\/ro\/prezentare\/","url":"https:\/\/ehh.ro\/ro\/prezentare\/","name":"Prezentare - Erd\u00e9lyi Hagyom\u00e1nyok H\u00e1za","isPartOf":{"@id":"https:\/\/ehh.ro\/#website"},"datePublished":"2024-10-09T19:23:55+00:00","dateModified":"2025-02-20T19:34:43+00:00","breadcrumb":{"@id":"https:\/\/ehh.ro\/ro\/prezentare\/#breadcrumb"},"inLanguage":"ro-RO","potentialAction":[{"@type":"ReadAction","target":["https:\/\/ehh.ro\/ro\/prezentare\/"]}]},{"@type":"BreadcrumbList","@id":"https:\/\/ehh.ro\/ro\/prezentare\/#breadcrumb","itemListElement":[{"@type":"ListItem","position":1,"name":"Home","item":"https:\/\/ehh.ro\/ro\/"},{"@type":"ListItem","position":2,"name":"Prezentare"}]},{"@type":"WebSite","@id":"https:\/\/ehh.ro\/#website","url":"https:\/\/ehh.ro\/","name":"Erd\u00e9lyi Hagyom\u00e1nyok H\u00e1za","description":"","publisher":{"@id":"https:\/\/ehh.ro\/#organization"},"potentialAction":[{"@type":"SearchAction","target":{"@type":"EntryPoint","urlTemplate":"https:\/\/ehh.ro\/?s={search_term_string}"},"query-input":{"@type":"PropertyValueSpecification","valueRequired":true,"valueName":"search_term_string"}}],"inLanguage":"ro-RO"},{"@type":"Organization","@id":"https:\/\/ehh.ro\/#organization","name":"Erd\u00e9lyi Hagyom\u00e1nyok H\u00e1za","url":"https:\/\/ehh.ro\/","logo":{"@type":"ImageObject","inLanguage":"ro-RO","@id":"https:\/\/ehh.ro\/#\/schema\/logo\/image\/","url":"https:\/\/ehh.ro\/wp-content\/uploads\/2024\/10\/favicon-152.png","contentUrl":"https:\/\/ehh.ro\/wp-content\/uploads\/2024\/10\/favicon-152.png","width":152,"height":152,"caption":"Erd\u00e9lyi Hagyom\u00e1nyok H\u00e1za"},"image":{"@id":"https:\/\/ehh.ro\/#\/schema\/logo\/image\/"},"sameAs":["https:\/\/www.facebook.com\/ErdelyiHagyomanyokHaza"]}]}},"_links":{"self":[{"href":"https:\/\/ehh.ro\/ro\/wp-json\/wp\/v2\/pages\/5766","targetHints":{"allow":["GET"]}}],"collection":[{"href":"https:\/\/ehh.ro\/ro\/wp-json\/wp\/v2\/pages"}],"about":[{"href":"https:\/\/ehh.ro\/ro\/wp-json\/wp\/v2\/types\/page"}],"author":[{"embeddable":true,"href":"https:\/\/ehh.ro\/ro\/wp-json\/wp\/v2\/users\/1"}],"replies":[{"embeddable":true,"href":"https:\/\/ehh.ro\/ro\/wp-json\/wp\/v2\/comments?post=5766"}],"version-history":[{"count":3,"href":"https:\/\/ehh.ro\/ro\/wp-json\/wp\/v2\/pages\/5766\/revisions"}],"predecessor-version":[{"id":6035,"href":"https:\/\/ehh.ro\/ro\/wp-json\/wp\/v2\/pages\/5766\/revisions\/6035"}],"wp:attachment":[{"href":"https:\/\/ehh.ro\/ro\/wp-json\/wp\/v2\/media?parent=5766"}],"curies":[{"name":"wp","href":"https:\/\/api.w.org\/{rel}","templated":true}]}}