{"id":5697,"date":"2024-12-15T17:38:27","date_gmt":"2024-12-15T16:38:27","guid":{"rendered":"https:\/\/ehh.ro\/?page_id=5697"},"modified":"2025-03-11T10:11:36","modified_gmt":"2025-03-11T09:11:36","slug":"donatie","status":"publish","type":"page","link":"https:\/\/ehh.ro\/ro\/donatie\/","title":{"rendered":"Dona\u0163ie"},"content":{"rendered":"<div class=\"wpb-content-wrapper\"><p>[vc_row][vc_column][vc_custom_heading text=&#8221;Dori\u021bi s\u0103 sprijini\u021bi funda\u021bia noastr\u0103?&#8221; font_container=&#8221;tag:h2|text_align:center&#8221; use_theme_fonts=&#8221;yes&#8221; css=&#8221;&#8221;][vc_column_text css=&#8221;&#8221;]Funda\u021bia Casa Tradi\u021biilor Ardelene<span lang=\"RO\">\u0219ti<\/span>\u00a0este o organiza\u021bie nonguvernamental\u0103. Primim cu pl\u0103cere dona\u021bii de la persoane fizice \u0219i juridice pentru a ne sprijini \u00een realizarea programelor \u0219i activit\u0103\u021bilor noastre.[\/vc_column_text][vc_custom_heading text=&#8221;Posibilit\u0103\u021bi:&#8221; font_container=&#8221;tag:h3|text_align:center&#8221; use_theme_fonts=&#8221;yes&#8221; css=&#8221;&#8221;][vc_column_text css=&#8221;&#8221;]<\/p>\n<h4><strong>1. Plata online cu cardul bancar<\/strong><\/h4>\n<p>Dac\u0103 pl\u0103ti\u021bi cu cardul, v\u0103 rug\u0103m s\u0103 urm\u0103ri\u021bi pa\u0219ii de mai jos:<br \/>\n&#8211; completa\u021bi suma dona\u021biei<br \/>\n&#8211; c\u00e2mpurile obligatorii \u00een formularul<br \/>\n&#8211; face\u021bi clic pe butonul <strong><em>Plat\u0103<\/em><\/strong>, care v\u0103 va redirec\u021biona c\u0103tre interfa\u021ba securizat\u0103 BT Pay, unde pute\u021bi finaliza tranzac\u021bia prin introducerea datelor cardului.<br \/>\nSumele sunt \u00een lei rom\u00e2ne\u0219ti (RON).[\/vc_column_text][vc_column_text css=&#8221;&#8221;]<ul class=\"woocommerce-error wcdp-error-message\" id=\"wcdp-ajax-error\" role=\"alert\"><li>In the current view, the donation form is not available.<\/li><\/ul>[\/vc_column_text][vc_column_text css=&#8221;&#8221;]<\/p>\n<h4><strong>2. Transfer bancar<\/strong><\/h4>\n<p>Pute\u021bi efectua un transfer bancar la num\u0103rul nostru de cont de mai jos:<\/p>\n<p><strong>FUNDA\u021aIA CASA TRADI\u021aIILOR ARDELENE\u0218TI<br \/>\n<\/strong>RO08 BTRL RONC RT0T 12C5 4101<br \/>\nBanca Transilvania<\/p>\n<p>V\u0103 rug\u0103m \u00een c\u00e2mpul de comentarii scrie\u021bi numai DONA\u021aIE![\/vc_column_text][\/vc_column][\/vc_row][vc_row][vc_column][vc_custom_heading text=&#8221;Mul\u0163umim!&#8221; font_container=&#8221;tag:h3|text_align:center&#8221; use_theme_fonts=&#8221;yes&#8221; css=&#8221;&#8221;][\/vc_column][\/vc_row]<\/p>\n<\/div>","protected":false},"excerpt":{"rendered":"<p>[vc_row][vc_column][vc_custom_heading text=&#8221;Dori\u021bi s\u0103 sprijini\u021bi funda\u021bia noastr\u0103?&#8221; font_container=&#8221;tag:h2|text_align:center&#8221; use_theme_fonts=&#8221;yes&#8221; css=&#8221;&#8221;][vc_column_text css=&#8221;&#8221;]Funda\u021bia Casa Tradi\u021biilor Ardelene\u0219ti\u00a0este o organiza\u021bie nonguvernamental\u0103. Primim cu pl\u0103cere dona\u021bii de la persoane fizice \u0219i juridice pentru a ne sprijini \u00een realizarea programelor \u0219i activit\u0103\u021bilor noastre.[\/vc_column_text][vc_custom_heading text=&#8221;Posibilit\u0103\u021bi:&#8221; font_container=&#8221;tag:h3|text_align:center&#8221; use_theme_fonts=&#8221;yes&#8221; css=&#8221;&#8221;][vc_column_text css=&#8221;&#8221;] 1. Plata online cu cardul bancar Dac\u0103 pl\u0103ti\u021bi cu cardul, v\u0103 rug\u0103m s\u0103 urm\u0103ri\u021bi&hellip;<\/p>\n","protected":false},"author":1,"featured_media":0,"parent":0,"menu_order":0,"comment_status":"closed","ping_status":"closed","template":"","meta":{"_acf_changed":false,"inline_featured_image":false,"footnotes":""},"class_list":["post-5697","page","type-page","status-publish","hentry","description-off"],"acf":[],"yoast_head":"<!-- This site is optimized with the Yoast SEO plugin v23.6 - https:\/\/yoast.com\/wordpress\/plugins\/seo\/ -->\n<title>Dori\u021bi s\u0103 sprijini\u021bi funda\u021bia noastr\u0103?<\/title>\n<meta name=\"description\" content=\"Funda\u021bia Casa Tradi\u021biilor Ardelene\u0219ti este o organiza\u021bie nonguvernamental\u0103. Primim cu pl\u0103cere dona\u021bii de la persoane fizice \u0219i juridice pentru a ne sprijini \u00een realizarea programelor \u0219i activit\u0103\u021bilor noastre.\" \/>\n<meta name=\"robots\" content=\"index, follow, max-snippet:-1, max-image-preview:large, max-video-preview:-1\" \/>\n<link rel=\"canonical\" href=\"https:\/\/ehh.ro\/ro\/donatie\/\" \/>\n<meta property=\"og:locale\" content=\"ro_RO\" \/>\n<meta property=\"og:type\" content=\"article\" \/>\n<meta property=\"og:title\" content=\"Dori\u021bi s\u0103 sprijini\u021bi funda\u021bia noastr\u0103?\" \/>\n<meta property=\"og:description\" content=\"Funda\u021bia Casa Tradi\u021biilor Ardelene\u0219ti este o organiza\u021bie nonguvernamental\u0103. Primim cu pl\u0103cere dona\u021bii de la persoane fizice \u0219i juridice pentru a ne sprijini \u00een realizarea programelor \u0219i activit\u0103\u021bilor noastre.\" \/>\n<meta property=\"og:url\" content=\"https:\/\/ehh.ro\/ro\/donatie\/\" \/>\n<meta property=\"og:site_name\" content=\"Erd\u00e9lyi Hagyom\u00e1nyok H\u00e1za\" \/>\n<meta property=\"article:publisher\" content=\"https:\/\/www.facebook.com\/ErdelyiHagyomanyokHaza\" \/>\n<meta property=\"article:modified_time\" content=\"2025-03-11T09:11:36+00:00\" \/>\n<meta name=\"twitter:card\" content=\"summary_large_image\" \/>\n<meta name=\"twitter:label1\" content=\"Timp estimat pentru citire\" \/>\n\t<meta name=\"twitter:data1\" content=\"1 minut\" \/>\n<script type=\"application\/ld+json\" class=\"yoast-schema-graph\">{\"@context\":\"https:\/\/schema.org\",\"@graph\":[{\"@type\":\"WebPage\",\"@id\":\"https:\/\/ehh.ro\/ro\/donatie\/\",\"url\":\"https:\/\/ehh.ro\/ro\/donatie\/\",\"name\":\"Dori\u021bi s\u0103 sprijini\u021bi funda\u021bia noastr\u0103?\",\"isPartOf\":{\"@id\":\"https:\/\/ehh.ro\/#website\"},\"datePublished\":\"2024-12-15T16:38:27+00:00\",\"dateModified\":\"2025-03-11T09:11:36+00:00\",\"description\":\"Funda\u021bia Casa Tradi\u021biilor Ardelene\u0219ti este o organiza\u021bie nonguvernamental\u0103. Primim cu pl\u0103cere dona\u021bii de la persoane fizice \u0219i juridice pentru a ne sprijini \u00een realizarea programelor \u0219i activit\u0103\u021bilor noastre.\",\"breadcrumb\":{\"@id\":\"https:\/\/ehh.ro\/ro\/donatie\/#breadcrumb\"},\"inLanguage\":\"ro-RO\",\"potentialAction\":[{\"@type\":\"ReadAction\",\"target\":[\"https:\/\/ehh.ro\/ro\/donatie\/\"]}]},{\"@type\":\"BreadcrumbList\",\"@id\":\"https:\/\/ehh.ro\/ro\/donatie\/#breadcrumb\",\"itemListElement\":[{\"@type\":\"ListItem\",\"position\":1,\"name\":\"Home\",\"item\":\"https:\/\/ehh.ro\/ro\/\"},{\"@type\":\"ListItem\",\"position\":2,\"name\":\"Dona\u0163ie\"}]},{\"@type\":\"WebSite\",\"@id\":\"https:\/\/ehh.ro\/#website\",\"url\":\"https:\/\/ehh.ro\/\",\"name\":\"Erd\u00e9lyi Hagyom\u00e1nyok H\u00e1za\",\"description\":\"\",\"publisher\":{\"@id\":\"https:\/\/ehh.ro\/#organization\"},\"potentialAction\":[{\"@type\":\"SearchAction\",\"target\":{\"@type\":\"EntryPoint\",\"urlTemplate\":\"https:\/\/ehh.ro\/?s={search_term_string}\"},\"query-input\":{\"@type\":\"PropertyValueSpecification\",\"valueRequired\":true,\"valueName\":\"search_term_string\"}}],\"inLanguage\":\"ro-RO\"},{\"@type\":\"Organization\",\"@id\":\"https:\/\/ehh.ro\/#organization\",\"name\":\"Erd\u00e9lyi Hagyom\u00e1nyok H\u00e1za\",\"url\":\"https:\/\/ehh.ro\/\",\"logo\":{\"@type\":\"ImageObject\",\"inLanguage\":\"ro-RO\",\"@id\":\"https:\/\/ehh.ro\/#\/schema\/logo\/image\/\",\"url\":\"https:\/\/ehh.ro\/wp-content\/uploads\/2024\/10\/favicon-152.png\",\"contentUrl\":\"https:\/\/ehh.ro\/wp-content\/uploads\/2024\/10\/favicon-152.png\",\"width\":152,\"height\":152,\"caption\":\"Erd\u00e9lyi Hagyom\u00e1nyok H\u00e1za\"},\"image\":{\"@id\":\"https:\/\/ehh.ro\/#\/schema\/logo\/image\/\"},\"sameAs\":[\"https:\/\/www.facebook.com\/ErdelyiHagyomanyokHaza\"]}]}<\/script>\n<!-- \/ Yoast SEO plugin. -->","yoast_head_json":{"title":"Dori\u021bi s\u0103 sprijini\u021bi funda\u021bia noastr\u0103?","description":"Funda\u021bia Casa Tradi\u021biilor Ardelene\u0219ti este o organiza\u021bie nonguvernamental\u0103. Primim cu pl\u0103cere dona\u021bii de la persoane fizice \u0219i juridice pentru a ne sprijini \u00een realizarea programelor \u0219i activit\u0103\u021bilor noastre.","robots":{"index":"index","follow":"follow","max-snippet":"max-snippet:-1","max-image-preview":"max-image-preview:large","max-video-preview":"max-video-preview:-1"},"canonical":"https:\/\/ehh.ro\/ro\/donatie\/","og_locale":"ro_RO","og_type":"article","og_title":"Dori\u021bi s\u0103 sprijini\u021bi funda\u021bia noastr\u0103?","og_description":"Funda\u021bia Casa Tradi\u021biilor Ardelene\u0219ti este o organiza\u021bie nonguvernamental\u0103. Primim cu pl\u0103cere dona\u021bii de la persoane fizice \u0219i juridice pentru a ne sprijini \u00een realizarea programelor \u0219i activit\u0103\u021bilor noastre.","og_url":"https:\/\/ehh.ro\/ro\/donatie\/","og_site_name":"Erd\u00e9lyi Hagyom\u00e1nyok H\u00e1za","article_publisher":"https:\/\/www.facebook.com\/ErdelyiHagyomanyokHaza","article_modified_time":"2025-03-11T09:11:36+00:00","twitter_card":"summary_large_image","twitter_misc":{"Timp estimat pentru citire":"1 minut"},"schema":{"@context":"https:\/\/schema.org","@graph":[{"@type":"WebPage","@id":"https:\/\/ehh.ro\/ro\/donatie\/","url":"https:\/\/ehh.ro\/ro\/donatie\/","name":"Dori\u021bi s\u0103 sprijini\u021bi funda\u021bia noastr\u0103?","isPartOf":{"@id":"https:\/\/ehh.ro\/#website"},"datePublished":"2024-12-15T16:38:27+00:00","dateModified":"2025-03-11T09:11:36+00:00","description":"Funda\u021bia Casa Tradi\u021biilor Ardelene\u0219ti este o organiza\u021bie nonguvernamental\u0103. Primim cu pl\u0103cere dona\u021bii de la persoane fizice \u0219i juridice pentru a ne sprijini \u00een realizarea programelor \u0219i activit\u0103\u021bilor noastre.","breadcrumb":{"@id":"https:\/\/ehh.ro\/ro\/donatie\/#breadcrumb"},"inLanguage":"ro-RO","potentialAction":[{"@type":"ReadAction","target":["https:\/\/ehh.ro\/ro\/donatie\/"]}]},{"@type":"BreadcrumbList","@id":"https:\/\/ehh.ro\/ro\/donatie\/#breadcrumb","itemListElement":[{"@type":"ListItem","position":1,"name":"Home","item":"https:\/\/ehh.ro\/ro\/"},{"@type":"ListItem","position":2,"name":"Dona\u0163ie"}]},{"@type":"WebSite","@id":"https:\/\/ehh.ro\/#website","url":"https:\/\/ehh.ro\/","name":"Erd\u00e9lyi Hagyom\u00e1nyok H\u00e1za","description":"","publisher":{"@id":"https:\/\/ehh.ro\/#organization"},"potentialAction":[{"@type":"SearchAction","target":{"@type":"EntryPoint","urlTemplate":"https:\/\/ehh.ro\/?s={search_term_string}"},"query-input":{"@type":"PropertyValueSpecification","valueRequired":true,"valueName":"search_term_string"}}],"inLanguage":"ro-RO"},{"@type":"Organization","@id":"https:\/\/ehh.ro\/#organization","name":"Erd\u00e9lyi Hagyom\u00e1nyok H\u00e1za","url":"https:\/\/ehh.ro\/","logo":{"@type":"ImageObject","inLanguage":"ro-RO","@id":"https:\/\/ehh.ro\/#\/schema\/logo\/image\/","url":"https:\/\/ehh.ro\/wp-content\/uploads\/2024\/10\/favicon-152.png","contentUrl":"https:\/\/ehh.ro\/wp-content\/uploads\/2024\/10\/favicon-152.png","width":152,"height":152,"caption":"Erd\u00e9lyi Hagyom\u00e1nyok H\u00e1za"},"image":{"@id":"https:\/\/ehh.ro\/#\/schema\/logo\/image\/"},"sameAs":["https:\/\/www.facebook.com\/ErdelyiHagyomanyokHaza"]}]}},"_links":{"self":[{"href":"https:\/\/ehh.ro\/ro\/wp-json\/wp\/v2\/pages\/5697","targetHints":{"allow":["GET"]}}],"collection":[{"href":"https:\/\/ehh.ro\/ro\/wp-json\/wp\/v2\/pages"}],"about":[{"href":"https:\/\/ehh.ro\/ro\/wp-json\/wp\/v2\/types\/page"}],"author":[{"embeddable":true,"href":"https:\/\/ehh.ro\/ro\/wp-json\/wp\/v2\/users\/1"}],"replies":[{"embeddable":true,"href":"https:\/\/ehh.ro\/ro\/wp-json\/wp\/v2\/comments?post=5697"}],"version-history":[{"count":10,"href":"https:\/\/ehh.ro\/ro\/wp-json\/wp\/v2\/pages\/5697\/revisions"}],"predecessor-version":[{"id":6521,"href":"https:\/\/ehh.ro\/ro\/wp-json\/wp\/v2\/pages\/5697\/revisions\/6521"}],"wp:attachment":[{"href":"https:\/\/ehh.ro\/ro\/wp-json\/wp\/v2\/media?parent=5697"}],"curies":[{"name":"wp","href":"https:\/\/api.w.org\/{rel}","templated":true}]}}