{"id":5690,"date":"2024-09-30T21:31:19","date_gmt":"2024-09-30T19:31:19","guid":{"rendered":"https:\/\/ehh.ro\/programok\/"},"modified":"2025-02-20T14:52:49","modified_gmt":"2025-02-20T13:52:49","slug":"evenimente","status":"publish","type":"page","link":"https:\/\/ehh.ro\/ro\/evenimente\/","title":{"rendered":"Evenimente"},"content":{"rendered":"<div class=\"wpb-content-wrapper\"><p>[vc_row][vc_column][vc_column_text css=&#8221;&#8221;]CONTENTS[\/vc_column_text][\/vc_column][\/vc_row][vc_row el_class=&#8221;row-event-list-buttons&#8221;][vc_column width=&#8221;1\/4&#8243;][\/vc_column][vc_column width=&#8221;1\/4&#8243;]<style type=\"text\/css\" data-type=\"the7_shortcodes-inline-css\">#default-btn-a475688e6e273f3ab168a4a59f46ea78.ico-right-side > i {\n  margin-right: 0px;\n  margin-left: 8px;\n}\n#default-btn-a475688e6e273f3ab168a4a59f46ea78 > i {\n  margin-right: 8px;\n}\n<\/style><div class=\"btn-align-center\"><a href=\"https:\/\/ehh.ro\/ro\/evenimente-expirate\/\" class=\"default-btn-shortcode dt-btn dt-btn-l link-hover-off btn-more \" id=\"default-btn-a475688e6e273f3ab168a4a59f46ea78\" title=\"Evenimente expirate\"><span>Evenimente expirate<\/span><\/a><\/div>[\/vc_column][vc_column width=&#8221;1\/4&#8243;]<style type=\"text\/css\" data-type=\"the7_shortcodes-inline-css\">#default-btn-93305ead9b8fa600b8320d53eb52ba1f.ico-right-side > i {\n  margin-right: 0px;\n  margin-left: 8px;\n}\n#default-btn-93305ead9b8fa600b8320d53eb52ba1f > i {\n  margin-right: 8px;\n}\n<\/style><div class=\"btn-align-center\"><a href=\"https:\/\/ehh.ro\/ro\/calendar\/\" class=\"default-btn-shortcode dt-btn dt-btn-l link-hover-off btn-more \" id=\"default-btn-93305ead9b8fa600b8320d53eb52ba1f\" title=\"Calendar\"><span>Calendar evenimente<\/span><\/a><\/div>[\/vc_column][vc_column width=&#8221;1\/4&#8243;][\/vc_column][\/vc_row]<\/p>\n<\/div>","protected":false},"excerpt":{"rendered":"<p>CONTENTS<\/p>\n","protected":false},"author":1,"featured_media":0,"parent":0,"menu_order":0,"comment_status":"closed","ping_status":"closed","template":"","meta":{"_acf_changed":false,"inline_featured_image":false,"footnotes":""},"class_list":["post-5690","page","type-page","status-publish","hentry","description-off"],"acf":[],"yoast_head":"<!-- This site is optimized with the Yoast SEO plugin v23.6 - https:\/\/yoast.com\/wordpress\/plugins\/seo\/ -->\n<title>Evenimente - Erd\u00e9lyi Hagyom\u00e1nyok H\u00e1za<\/title>\n<meta name=\"robots\" content=\"index, follow, max-snippet:-1, max-image-preview:large, max-video-preview:-1\" \/>\n<link rel=\"canonical\" href=\"https:\/\/ehh.ro\/ro\/evenimente\/\" \/>\n<meta property=\"og:locale\" content=\"ro_RO\" \/>\n<meta property=\"og:type\" content=\"article\" \/>\n<meta property=\"og:title\" content=\"Evenimente - Erd\u00e9lyi Hagyom\u00e1nyok H\u00e1za\" \/>\n<meta property=\"og:description\" content=\"CONTENTS\" \/>\n<meta property=\"og:url\" content=\"https:\/\/ehh.ro\/ro\/evenimente\/\" \/>\n<meta property=\"og:site_name\" content=\"Erd\u00e9lyi Hagyom\u00e1nyok H\u00e1za\" \/>\n<meta property=\"article:publisher\" content=\"https:\/\/www.facebook.com\/ErdelyiHagyomanyokHaza\" \/>\n<meta property=\"article:modified_time\" content=\"2025-02-20T13:52:49+00:00\" \/>\n<meta name=\"twitter:card\" content=\"summary_large_image\" \/>\n<meta name=\"twitter:label1\" content=\"Timp estimat pentru citire\" \/>\n\t<meta name=\"twitter:data1\" content=\"1 minut\" \/>\n<script type=\"application\/ld+json\" class=\"yoast-schema-graph\">{\"@context\":\"https:\/\/schema.org\",\"@graph\":[{\"@type\":\"WebPage\",\"@id\":\"https:\/\/ehh.ro\/ro\/evenimente\/\",\"url\":\"https:\/\/ehh.ro\/ro\/evenimente\/\",\"name\":\"Evenimente - Erd\u00e9lyi Hagyom\u00e1nyok H\u00e1za\",\"isPartOf\":{\"@id\":\"https:\/\/ehh.ro\/#website\"},\"datePublished\":\"2024-09-30T19:31:19+00:00\",\"dateModified\":\"2025-02-20T13:52:49+00:00\",\"breadcrumb\":{\"@id\":\"https:\/\/ehh.ro\/ro\/evenimente\/#breadcrumb\"},\"inLanguage\":\"ro-RO\",\"potentialAction\":[{\"@type\":\"ReadAction\",\"target\":[\"https:\/\/ehh.ro\/ro\/evenimente\/\"]}]},{\"@type\":\"BreadcrumbList\",\"@id\":\"https:\/\/ehh.ro\/ro\/evenimente\/#breadcrumb\",\"itemListElement\":[{\"@type\":\"ListItem\",\"position\":1,\"name\":\"Home\",\"item\":\"https:\/\/ehh.ro\/ro\/\"},{\"@type\":\"ListItem\",\"position\":2,\"name\":\"Evenimente\"}]},{\"@type\":\"WebSite\",\"@id\":\"https:\/\/ehh.ro\/#website\",\"url\":\"https:\/\/ehh.ro\/\",\"name\":\"Erd\u00e9lyi Hagyom\u00e1nyok H\u00e1za\",\"description\":\"\",\"publisher\":{\"@id\":\"https:\/\/ehh.ro\/#organization\"},\"potentialAction\":[{\"@type\":\"SearchAction\",\"target\":{\"@type\":\"EntryPoint\",\"urlTemplate\":\"https:\/\/ehh.ro\/?s={search_term_string}\"},\"query-input\":{\"@type\":\"PropertyValueSpecification\",\"valueRequired\":true,\"valueName\":\"search_term_string\"}}],\"inLanguage\":\"ro-RO\"},{\"@type\":\"Organization\",\"@id\":\"https:\/\/ehh.ro\/#organization\",\"name\":\"Erd\u00e9lyi Hagyom\u00e1nyok H\u00e1za\",\"url\":\"https:\/\/ehh.ro\/\",\"logo\":{\"@type\":\"ImageObject\",\"inLanguage\":\"ro-RO\",\"@id\":\"https:\/\/ehh.ro\/#\/schema\/logo\/image\/\",\"url\":\"https:\/\/ehh.ro\/wp-content\/uploads\/2024\/10\/favicon-152.png\",\"contentUrl\":\"https:\/\/ehh.ro\/wp-content\/uploads\/2024\/10\/favicon-152.png\",\"width\":152,\"height\":152,\"caption\":\"Erd\u00e9lyi Hagyom\u00e1nyok H\u00e1za\"},\"image\":{\"@id\":\"https:\/\/ehh.ro\/#\/schema\/logo\/image\/\"},\"sameAs\":[\"https:\/\/www.facebook.com\/ErdelyiHagyomanyokHaza\"]}]}<\/script>\n<!-- \/ Yoast SEO plugin. -->","yoast_head_json":{"title":"Evenimente - Erd\u00e9lyi Hagyom\u00e1nyok H\u00e1za","robots":{"index":"index","follow":"follow","max-snippet":"max-snippet:-1","max-image-preview":"max-image-preview:large","max-video-preview":"max-video-preview:-1"},"canonical":"https:\/\/ehh.ro\/ro\/evenimente\/","og_locale":"ro_RO","og_type":"article","og_title":"Evenimente - Erd\u00e9lyi Hagyom\u00e1nyok H\u00e1za","og_description":"CONTENTS","og_url":"https:\/\/ehh.ro\/ro\/evenimente\/","og_site_name":"Erd\u00e9lyi Hagyom\u00e1nyok H\u00e1za","article_publisher":"https:\/\/www.facebook.com\/ErdelyiHagyomanyokHaza","article_modified_time":"2025-02-20T13:52:49+00:00","twitter_card":"summary_large_image","twitter_misc":{"Timp estimat pentru citire":"1 minut"},"schema":{"@context":"https:\/\/schema.org","@graph":[{"@type":"WebPage","@id":"https:\/\/ehh.ro\/ro\/evenimente\/","url":"https:\/\/ehh.ro\/ro\/evenimente\/","name":"Evenimente - Erd\u00e9lyi Hagyom\u00e1nyok H\u00e1za","isPartOf":{"@id":"https:\/\/ehh.ro\/#website"},"datePublished":"2024-09-30T19:31:19+00:00","dateModified":"2025-02-20T13:52:49+00:00","breadcrumb":{"@id":"https:\/\/ehh.ro\/ro\/evenimente\/#breadcrumb"},"inLanguage":"ro-RO","potentialAction":[{"@type":"ReadAction","target":["https:\/\/ehh.ro\/ro\/evenimente\/"]}]},{"@type":"BreadcrumbList","@id":"https:\/\/ehh.ro\/ro\/evenimente\/#breadcrumb","itemListElement":[{"@type":"ListItem","position":1,"name":"Home","item":"https:\/\/ehh.ro\/ro\/"},{"@type":"ListItem","position":2,"name":"Evenimente"}]},{"@type":"WebSite","@id":"https:\/\/ehh.ro\/#website","url":"https:\/\/ehh.ro\/","name":"Erd\u00e9lyi Hagyom\u00e1nyok H\u00e1za","description":"","publisher":{"@id":"https:\/\/ehh.ro\/#organization"},"potentialAction":[{"@type":"SearchAction","target":{"@type":"EntryPoint","urlTemplate":"https:\/\/ehh.ro\/?s={search_term_string}"},"query-input":{"@type":"PropertyValueSpecification","valueRequired":true,"valueName":"search_term_string"}}],"inLanguage":"ro-RO"},{"@type":"Organization","@id":"https:\/\/ehh.ro\/#organization","name":"Erd\u00e9lyi Hagyom\u00e1nyok H\u00e1za","url":"https:\/\/ehh.ro\/","logo":{"@type":"ImageObject","inLanguage":"ro-RO","@id":"https:\/\/ehh.ro\/#\/schema\/logo\/image\/","url":"https:\/\/ehh.ro\/wp-content\/uploads\/2024\/10\/favicon-152.png","contentUrl":"https:\/\/ehh.ro\/wp-content\/uploads\/2024\/10\/favicon-152.png","width":152,"height":152,"caption":"Erd\u00e9lyi Hagyom\u00e1nyok H\u00e1za"},"image":{"@id":"https:\/\/ehh.ro\/#\/schema\/logo\/image\/"},"sameAs":["https:\/\/www.facebook.com\/ErdelyiHagyomanyokHaza"]}]}},"_links":{"self":[{"href":"https:\/\/ehh.ro\/ro\/wp-json\/wp\/v2\/pages\/5690","targetHints":{"allow":["GET"]}}],"collection":[{"href":"https:\/\/ehh.ro\/ro\/wp-json\/wp\/v2\/pages"}],"about":[{"href":"https:\/\/ehh.ro\/ro\/wp-json\/wp\/v2\/types\/page"}],"author":[{"embeddable":true,"href":"https:\/\/ehh.ro\/ro\/wp-json\/wp\/v2\/users\/1"}],"replies":[{"embeddable":true,"href":"https:\/\/ehh.ro\/ro\/wp-json\/wp\/v2\/comments?post=5690"}],"version-history":[{"count":1,"href":"https:\/\/ehh.ro\/ro\/wp-json\/wp\/v2\/pages\/5690\/revisions"}],"predecessor-version":[{"id":5691,"href":"https:\/\/ehh.ro\/ro\/wp-json\/wp\/v2\/pages\/5690\/revisions\/5691"}],"wp:attachment":[{"href":"https:\/\/ehh.ro\/ro\/wp-json\/wp\/v2\/media?parent=5690"}],"curies":[{"name":"wp","href":"https:\/\/api.w.org\/{rel}","templated":true}]}}