{"id":6345,"date":"2025-03-05T07:12:38","date_gmt":"2025-03-05T06:12:38","guid":{"rendered":"https:\/\/ehh.ro\/?page_id=6345"},"modified":"2025-03-05T07:12:40","modified_gmt":"2025-03-05T06:12:40","slug":"impressum","status":"publish","type":"page","link":"https:\/\/ehh.ro\/en\/impressum\/","title":{"rendered":"Impressum"},"content":{"rendered":"<h3 class=\"wp-block-heading\">Transylvanian Heritage House Foundation<\/h3><p><strong>Headquarters<\/strong>:<strong> T\u00e2rgu-Mure\u0219, str. T\u00e2rgului  nr. 1., 540069, Mure\u0219 county<\/strong><\/p><p><strong>Tax identification number<\/strong>:<strong> 41453106\u00a0<\/strong><\/p><p><strong>Legal representative<\/strong>:<strong> Kelemen L\u00e1szl\u00f3, eln\u00f6k<\/strong><\/p><p><strong>The foundation&#8217;s Board of trustees<\/strong>: <strong><a href=\"https:\/\/ehh.ro\/en\/board-of-trustees\/\">Board of trustees<\/a><\/strong><\/p><p><\/p>","protected":false},"excerpt":{"rendered":"<p>Transylvanian Heritage House Foundation Headquarters: T\u00e2rgu-Mure\u0219, str. T\u00e2rgului nr. 1., 540069, Mure\u0219 county Tax identification number: 41453106\u00a0 Legal representative: Kelemen L\u00e1szl\u00f3, eln\u00f6k The foundation&#8217;s Board of trustees: Board of trustees<\/p>\n","protected":false},"author":1,"featured_media":0,"parent":0,"menu_order":0,"comment_status":"closed","ping_status":"closed","template":"","meta":{"_acf_changed":false,"inline_featured_image":false,"footnotes":""},"class_list":["post-6345","page","type-page","status-publish","hentry","description-off"],"acf":[],"yoast_head":"<!-- This site is optimized with the Yoast SEO plugin v23.6 - https:\/\/yoast.com\/wordpress\/plugins\/seo\/ -->\n<title>Impressum - Erd\u00e9lyi Hagyom\u00e1nyok H\u00e1za<\/title>\n<meta name=\"robots\" content=\"index, follow, max-snippet:-1, max-image-preview:large, max-video-preview:-1\" \/>\n<link rel=\"canonical\" href=\"https:\/\/ehh.ro\/en\/impressum\/\" \/>\n<meta property=\"og:locale\" content=\"en_US\" \/>\n<meta property=\"og:type\" content=\"article\" \/>\n<meta property=\"og:title\" content=\"Impressum - Erd\u00e9lyi Hagyom\u00e1nyok H\u00e1za\" \/>\n<meta property=\"og:description\" content=\"Transylvanian Heritage House Foundation Headquarters: T\u00e2rgu-Mure\u0219, str. T\u00e2rgului nr. 1., 540069, Mure\u0219 county Tax identification number: 41453106\u00a0 Legal representative: Kelemen L\u00e1szl\u00f3, eln\u00f6k The foundation&#8217;s Board of trustees: Board of trustees\" \/>\n<meta property=\"og:url\" content=\"https:\/\/ehh.ro\/en\/impressum\/\" \/>\n<meta property=\"og:site_name\" content=\"Erd\u00e9lyi Hagyom\u00e1nyok H\u00e1za\" \/>\n<meta property=\"article:publisher\" content=\"https:\/\/www.facebook.com\/ErdelyiHagyomanyokHaza\" \/>\n<meta property=\"article:modified_time\" content=\"2025-03-05T06:12:40+00:00\" \/>\n<meta name=\"twitter:card\" content=\"summary_large_image\" \/>\n<meta name=\"twitter:label1\" content=\"Est. reading time\" \/>\n\t<meta name=\"twitter:data1\" content=\"1 minute\" \/>\n<script type=\"application\/ld+json\" class=\"yoast-schema-graph\">{\"@context\":\"https:\/\/schema.org\",\"@graph\":[{\"@type\":\"WebPage\",\"@id\":\"https:\/\/ehh.ro\/en\/impressum\/\",\"url\":\"https:\/\/ehh.ro\/en\/impressum\/\",\"name\":\"Impressum - Erd\u00e9lyi Hagyom\u00e1nyok H\u00e1za\",\"isPartOf\":{\"@id\":\"https:\/\/ehh.ro\/#website\"},\"datePublished\":\"2025-03-05T06:12:38+00:00\",\"dateModified\":\"2025-03-05T06:12:40+00:00\",\"breadcrumb\":{\"@id\":\"https:\/\/ehh.ro\/en\/impressum\/#breadcrumb\"},\"inLanguage\":\"en-US\",\"potentialAction\":[{\"@type\":\"ReadAction\",\"target\":[\"https:\/\/ehh.ro\/en\/impressum\/\"]}]},{\"@type\":\"BreadcrumbList\",\"@id\":\"https:\/\/ehh.ro\/en\/impressum\/#breadcrumb\",\"itemListElement\":[{\"@type\":\"ListItem\",\"position\":1,\"name\":\"Home\",\"item\":\"https:\/\/ehh.ro\/en\/\"},{\"@type\":\"ListItem\",\"position\":2,\"name\":\"Impressum\"}]},{\"@type\":\"WebSite\",\"@id\":\"https:\/\/ehh.ro\/#website\",\"url\":\"https:\/\/ehh.ro\/\",\"name\":\"Erd\u00e9lyi Hagyom\u00e1nyok H\u00e1za\",\"description\":\"\",\"publisher\":{\"@id\":\"https:\/\/ehh.ro\/#organization\"},\"potentialAction\":[{\"@type\":\"SearchAction\",\"target\":{\"@type\":\"EntryPoint\",\"urlTemplate\":\"https:\/\/ehh.ro\/?s={search_term_string}\"},\"query-input\":{\"@type\":\"PropertyValueSpecification\",\"valueRequired\":true,\"valueName\":\"search_term_string\"}}],\"inLanguage\":\"en-US\"},{\"@type\":\"Organization\",\"@id\":\"https:\/\/ehh.ro\/#organization\",\"name\":\"Erd\u00e9lyi Hagyom\u00e1nyok H\u00e1za\",\"url\":\"https:\/\/ehh.ro\/\",\"logo\":{\"@type\":\"ImageObject\",\"inLanguage\":\"en-US\",\"@id\":\"https:\/\/ehh.ro\/#\/schema\/logo\/image\/\",\"url\":\"https:\/\/ehh.ro\/wp-content\/uploads\/2024\/10\/favicon-152.png\",\"contentUrl\":\"https:\/\/ehh.ro\/wp-content\/uploads\/2024\/10\/favicon-152.png\",\"width\":152,\"height\":152,\"caption\":\"Erd\u00e9lyi Hagyom\u00e1nyok H\u00e1za\"},\"image\":{\"@id\":\"https:\/\/ehh.ro\/#\/schema\/logo\/image\/\"},\"sameAs\":[\"https:\/\/www.facebook.com\/ErdelyiHagyomanyokHaza\"]}]}<\/script>\n<!-- \/ Yoast SEO plugin. -->","yoast_head_json":{"title":"Impressum - Erd\u00e9lyi Hagyom\u00e1nyok H\u00e1za","robots":{"index":"index","follow":"follow","max-snippet":"max-snippet:-1","max-image-preview":"max-image-preview:large","max-video-preview":"max-video-preview:-1"},"canonical":"https:\/\/ehh.ro\/en\/impressum\/","og_locale":"en_US","og_type":"article","og_title":"Impressum - Erd\u00e9lyi Hagyom\u00e1nyok H\u00e1za","og_description":"Transylvanian Heritage House Foundation Headquarters: T\u00e2rgu-Mure\u0219, str. T\u00e2rgului nr. 1., 540069, Mure\u0219 county Tax identification number: 41453106\u00a0 Legal representative: Kelemen L\u00e1szl\u00f3, eln\u00f6k The foundation&#8217;s Board of trustees: Board of trustees","og_url":"https:\/\/ehh.ro\/en\/impressum\/","og_site_name":"Erd\u00e9lyi Hagyom\u00e1nyok H\u00e1za","article_publisher":"https:\/\/www.facebook.com\/ErdelyiHagyomanyokHaza","article_modified_time":"2025-03-05T06:12:40+00:00","twitter_card":"summary_large_image","twitter_misc":{"Est. reading time":"1 minute"},"schema":{"@context":"https:\/\/schema.org","@graph":[{"@type":"WebPage","@id":"https:\/\/ehh.ro\/en\/impressum\/","url":"https:\/\/ehh.ro\/en\/impressum\/","name":"Impressum - Erd\u00e9lyi Hagyom\u00e1nyok H\u00e1za","isPartOf":{"@id":"https:\/\/ehh.ro\/#website"},"datePublished":"2025-03-05T06:12:38+00:00","dateModified":"2025-03-05T06:12:40+00:00","breadcrumb":{"@id":"https:\/\/ehh.ro\/en\/impressum\/#breadcrumb"},"inLanguage":"en-US","potentialAction":[{"@type":"ReadAction","target":["https:\/\/ehh.ro\/en\/impressum\/"]}]},{"@type":"BreadcrumbList","@id":"https:\/\/ehh.ro\/en\/impressum\/#breadcrumb","itemListElement":[{"@type":"ListItem","position":1,"name":"Home","item":"https:\/\/ehh.ro\/en\/"},{"@type":"ListItem","position":2,"name":"Impressum"}]},{"@type":"WebSite","@id":"https:\/\/ehh.ro\/#website","url":"https:\/\/ehh.ro\/","name":"Erd\u00e9lyi Hagyom\u00e1nyok H\u00e1za","description":"","publisher":{"@id":"https:\/\/ehh.ro\/#organization"},"potentialAction":[{"@type":"SearchAction","target":{"@type":"EntryPoint","urlTemplate":"https:\/\/ehh.ro\/?s={search_term_string}"},"query-input":{"@type":"PropertyValueSpecification","valueRequired":true,"valueName":"search_term_string"}}],"inLanguage":"en-US"},{"@type":"Organization","@id":"https:\/\/ehh.ro\/#organization","name":"Erd\u00e9lyi Hagyom\u00e1nyok H\u00e1za","url":"https:\/\/ehh.ro\/","logo":{"@type":"ImageObject","inLanguage":"en-US","@id":"https:\/\/ehh.ro\/#\/schema\/logo\/image\/","url":"https:\/\/ehh.ro\/wp-content\/uploads\/2024\/10\/favicon-152.png","contentUrl":"https:\/\/ehh.ro\/wp-content\/uploads\/2024\/10\/favicon-152.png","width":152,"height":152,"caption":"Erd\u00e9lyi Hagyom\u00e1nyok H\u00e1za"},"image":{"@id":"https:\/\/ehh.ro\/#\/schema\/logo\/image\/"},"sameAs":["https:\/\/www.facebook.com\/ErdelyiHagyomanyokHaza"]}]}},"_links":{"self":[{"href":"https:\/\/ehh.ro\/en\/wp-json\/wp\/v2\/pages\/6345","targetHints":{"allow":["GET"]}}],"collection":[{"href":"https:\/\/ehh.ro\/en\/wp-json\/wp\/v2\/pages"}],"about":[{"href":"https:\/\/ehh.ro\/en\/wp-json\/wp\/v2\/types\/page"}],"author":[{"embeddable":true,"href":"https:\/\/ehh.ro\/en\/wp-json\/wp\/v2\/users\/1"}],"replies":[{"embeddable":true,"href":"https:\/\/ehh.ro\/en\/wp-json\/wp\/v2\/comments?post=6345"}],"version-history":[{"count":1,"href":"https:\/\/ehh.ro\/en\/wp-json\/wp\/v2\/pages\/6345\/revisions"}],"predecessor-version":[{"id":6346,"href":"https:\/\/ehh.ro\/en\/wp-json\/wp\/v2\/pages\/6345\/revisions\/6346"}],"wp:attachment":[{"href":"https:\/\/ehh.ro\/en\/wp-json\/wp\/v2\/media?parent=6345"}],"curies":[{"name":"wp","href":"https:\/\/api.w.org\/{rel}","templated":true}]}}