{"id":6079,"date":"2025-02-21T12:28:23","date_gmt":"2025-02-21T11:28:23","guid":{"rendered":"https:\/\/ehh.ro\/?page_id=6079"},"modified":"2025-07-03T11:22:21","modified_gmt":"2025-07-03T09:22:21","slug":"home","status":"publish","type":"page","link":"https:\/\/ehh.ro\/en\/","title":{"rendered":"Home"},"content":{"rendered":"<div class=\"wpb-content-wrapper\"><p>[vc_row el_id=&#8221;homeHero&#8221;][vc_column]\n\t\t\t\t<p class=\"rs-p-wp-fix\"><\/p>\n\t\t\t\t<sr7-module data-alias=\"homeslider-ro\" data-id=\"2\" id=\"SR7_2_1\" class=\"rs-ov-hidden\" data-version=\"6.7.23\">\n\t\t\t\t\t<sr7-adjuster><\/sr7-adjuster>\n\t\t\t\t\t<sr7-content>\n\t\t\t\t\t\t<sr7-slide id=\"SR7_2_1-7\" data-key=\"7\">\n\t\t\t\t\t\t\t<a id=\"SR7_2_1-7-2\" class=\"sr7-layer\" href=\"\/ro\/stiri\/\" target=\"_self\">\u015etiri<\/a>\n\t\t\t\t\t\t<\/sr7-slide>\n\t\t\t\t\t\t<sr7-slide id=\"SR7_2_1-8\" data-key=\"8\">\n\t\t\t\t\t\t\t<sr7-bg id=\"SR7_2_1-8-7\" class=\"sr7-layer\"><noscript><img decoding=\"async\" src=\"https:\/\/ehh.ro\/wp-content\/uploads\/2024\/11\/slide-esemenyek.webp\" alt=\"\" title=\"Esem\u00e9nyek\"><\/noscript><\/sr7-bg>\n\t\t\t\t\t\t\t<a id=\"SR7_2_1-8-6\" class=\"sr7-layer\" href=\"\/ro\/evenimente\/\" target=\"_self\">Evenimente<\/a>\n\t\t\t\t\t\t<\/sr7-slide>\n\t\t\t\t\t\t<sr7-slide id=\"SR7_2_1-9\" data-key=\"9\">\n\t\t\t\t\t\t\t<sr7-bg id=\"SR7_2_1-9-6\" class=\"sr7-layer\"><noscript><img decoding=\"async\" src=\"https:\/\/ehh.ro\/wp-content\/uploads\/2024\/11\/slide-hirek.webp\" alt=\"\" title=\"H\u00edrek\"><\/noscript><\/sr7-bg>\n\t\t\t\t\t\t\t<a id=\"SR7_2_1-9-5\" class=\"sr7-layer\" href=\"\/ro\/stiri\/\" target=\"_self\">\u015etiri<\/a>\n\t\t\t\t\t\t<\/sr7-slide>\n\t\t\t\t\t\t<sr7-slide id=\"SR7_2_1-10\" data-key=\"10\">\n\t\t\t\t\t\t\t<sr7-bg id=\"SR7_2_1-10-8\" class=\"sr7-layer\"><noscript><img decoding=\"async\" src=\"https:\/\/ehh.ro\/wp-content\/uploads\/2024\/11\/slide-rolunk.webp\" alt=\"\" title=\"R\u00f3lunk\"><\/noscript><\/sr7-bg>\n\t\t\t\t\t\t\t<a id=\"SR7_2_1-10-7\" class=\"sr7-layer\" href=\"\/ro\/prezentare\/\" target=\"_self\">Prezentare<\/a>\n\t\t\t\t\t\t<\/sr7-slide>\n\t\t\t\t\t\t<sr7-slide id=\"SR7_2_1-11\" data-key=\"11\">\n\t\t\t\t\t\t\t<sr7-bg id=\"SR7_2_1-11-9\" class=\"sr7-layer\"><noscript><img decoding=\"async\" src=\"https:\/\/ehh.ro\/wp-content\/uploads\/2024\/11\/slide-tevekenysegek.webp\" alt=\"\" title=\"Tev\u00e9kenys\u00e9gek\"><\/noscript><\/sr7-bg>\n\t\t\t\t\t\t\t<sr7-txt id=\"SR7_2_1-11-8\" class=\"sr7-layer\">Activit\u0103\u0163i<\/sr7-txt>\n\t\t\t\t\t\t<\/sr7-slide>\n\t\t\t\t\t\t<sr7-slide id=\"SR7_2_1-12\" data-key=\"12\">\n\t\t\t\t\t\t<\/sr7-slide>\n\t\t\t\t\t<\/sr7-content>\n\t\t\t\t\t<image_lists style=\"display:none\">\n\t\t\t\t\t\t<img data-src=\"\/\/ehh.ro\/wp-content\/uploads\/2024\/11\/slide-esemenyek.webp\" data-libid=\"622\" data-lib=\"medialibrary\" title=\"Esem\u00e9nyek\" width=\"0\" height=\"0\" data-dbsrc=\"Ly9laGgucm8vd3AtY29udGVudC91cGxvYWRzLzIwMjQvMTEvc2xpZGUtZXNlbWVueWVrLndlYnA=\"\/>\n\t\t\t\t\t\t<img data-src=\"\/\/ehh.ro\/wp-content\/uploads\/2024\/11\/slide-hirek.webp\" data-libid=\"623\" data-lib=\"medialibrary\" title=\"H\u00edrek\" width=\"0\" height=\"0\" data-dbsrc=\"Ly9laGgucm8vd3AtY29udGVudC91cGxvYWRzLzIwMjQvMTEvc2xpZGUtaGlyZWsud2VicA==\"\/>\n\t\t\t\t\t\t<img data-src=\"\/\/ehh.ro\/wp-content\/uploads\/2024\/11\/slide-rolunk.webp\" data-libid=\"624\" data-lib=\"medialibrary\" title=\"R\u00f3lunk\" width=\"0\" height=\"0\" data-dbsrc=\"Ly9laGgucm8vd3AtY29udGVudC91cGxvYWRzLzIwMjQvMTEvc2xpZGUtcm9sdW5rLndlYnA=\"\/>\n\t\t\t\t\t\t<img data-src=\"\/\/ehh.ro\/wp-content\/uploads\/2024\/11\/slide-tevekenysegek.webp\" data-libid=\"625\" data-lib=\"medialibrary\" title=\"Tev\u00e9kenys\u00e9gek\" width=\"0\" height=\"0\" data-dbsrc=\"Ly9laGgucm8vd3AtY29udGVudC91cGxvYWRzLzIwMjQvMTEvc2xpZGUtdGV2ZWtlbnlzZWdlay53ZWJw\"\/>\n\t\t\t\t\t<\/image_lists>\n\t\t\t\t<\/sr7-module>\n\t\t\t\t<script>\n\t\t\t\t\tSR7.PMH ??={}; SR7.PMH[\"SR7_2_1\"] = {cn:100,state:false,fn: function() { if (_tpt!==undefined && _tpt.prepareModuleHeight !== undefined) {  _tpt.prepareModuleHeight({id:\"SR7_2_1\",el:[720,720,768,960,720],type:'standard',shdw:'0',gh:[720,720,595,452,279],gw:[1240,1240,1024,778,480],vpt:['-100px'],size:{fullWidth:true, fullHeight:false},mh:'0',onh:0,onw:0,bg:{color:'{\"orig\":\"transparent\",\"type\":\"solid\",\"string\":\"transparent\"}'}});   SR7.PMH[\"SR7_2_1\"].state=true;} else if(SR7.PMH[\"SR7_2_1\"].cn-->0)\tsetTimeout( SR7.PMH[\"SR7_2_1\"].fn,19);}};SR7.PMH[\"SR7_2_1\" ].fn();\n\t\t\t\t<\/script>\n[\/vc_column][\/vc_row][vc_section][vc_row][vc_column][vc_custom_heading text=&#8221;Discover the Transylvanian Heritage House Foundation&#8217;s network&#8221; font_container=&#8221;tag:h1|text_align:center&#8221; use_theme_fonts=&#8221;yes&#8221; css=&#8221;&#8221;][\/vc_column][\/vc_row][vc_row full_width=&#8221;stretch_row_content&#8221; el_class=&#8221;row-network&#8221;][vc_column width=&#8221;1\/2&#8243; offset=&#8221;vc_col-md-2 vc_col-xs-6&#8243; el_class=&#8221;col-csik&#8221;][vc_single_image image=&#8221;2981&#8243; img_size=&#8221;full&#8221; alignment=&#8221;center&#8221; onclick=&#8221;custom_link&#8221; css_animation=&#8221;fadeIn&#8221; css=&#8221;&#8221; image_hovers=&#8221;false&#8221; lazy_loading=&#8221;true&#8221; link=&#8221;\/en\/miercurea-ciuc\/&#8221;][vc_custom_heading text=&#8221;Miercurea Ciuc&#8221; font_container=&#8221;tag:h3|text_align:center&#8221; use_theme_fonts=&#8221;yes&#8221; css=&#8221;&#8221; link=&#8221;url:%2Fen%2Fmiercurea-ciuc%2F|title:Miercurea%20Ciuc&#8221;][\/vc_column][vc_column width=&#8221;1\/2&#8243; offset=&#8221;vc_col-md-2 vc_col-xs-6&#8243; el_class=&#8221;col-kolozs&#8221;][vc_single_image image=&#8221;2982&#8243; img_size=&#8221;full&#8221; alignment=&#8221;center&#8221; onclick=&#8221;custom_link&#8221; css_animation=&#8221;fadeIn&#8221; css=&#8221;&#8221; image_hovers=&#8221;false&#8221; lazy_loading=&#8221;true&#8221; link=&#8221;\/en\/cluj-napoca\/&#8221;][vc_custom_heading text=&#8221;Cluj Napoca&#8221; font_container=&#8221;tag:h3|text_align:center&#8221; use_theme_fonts=&#8221;yes&#8221; css=&#8221;&#8221; link=&#8221;url:%2Fen%2Fcluj-napoca%2F|title:Cluj%20Napoca&#8221;][\/vc_column][vc_column width=&#8221;1\/2&#8243; offset=&#8221;vc_col-md-2 vc_col-xs-6&#8243; el_class=&#8221;col-maros&#8221;][vc_single_image image=&#8221;2983&#8243; img_size=&#8221;full&#8221; alignment=&#8221;center&#8221; onclick=&#8221;custom_link&#8221; css_animation=&#8221;fadeIn&#8221; css=&#8221;&#8221; image_hovers=&#8221;false&#8221; lazy_loading=&#8221;true&#8221; link=&#8221;\/en\/targu-mures\/&#8221;][vc_custom_heading text=&#8221;T\u00e2rgu Mure\u0219&#8221; font_container=&#8221;tag:h3|text_align:center&#8221; use_theme_fonts=&#8221;yes&#8221; css=&#8221;&#8221; link=&#8221;url:%2Fen%2Ftargu-mures%2F|title:T%C3%A2rgu%20Mure%C8%99&#8243;][\/vc_column][vc_column width=&#8221;1\/2&#8243; offset=&#8221;vc_col-md-2 vc_col-xs-6&#8243; el_class=&#8221;col-varad&#8221;][vc_single_image image=&#8221;7890&#8243; img_size=&#8221;full&#8221; alignment=&#8221;center&#8221; onclick=&#8221;custom_link&#8221; css_animation=&#8221;fadeIn&#8221; css=&#8221;&#8221; image_hovers=&#8221;false&#8221; lazy_loading=&#8221;true&#8221; link=&#8221;\/en\/oradea\/&#8221;][vc_custom_heading text=&#8221;Oradea&#8221; font_container=&#8221;tag:h3|text_align:center&#8221; use_theme_fonts=&#8221;yes&#8221; css=&#8221;&#8221; link=&#8221;url:%2Fen%2Foradea%2F|title:Oradea&#8221;][\/vc_column][vc_column width=&#8221;1\/2&#8243; offset=&#8221;vc_col-md-2 vc_col-xs-6&#8243; el_class=&#8221;col-sepsi&#8221;][vc_single_image image=&#8221;2984&#8243; img_size=&#8221;full&#8221; alignment=&#8221;center&#8221; onclick=&#8221;custom_link&#8221; css_animation=&#8221;fadeIn&#8221; css=&#8221;&#8221; image_hovers=&#8221;false&#8221; lazy_loading=&#8221;true&#8221; link=&#8221;\/en\/sfantu-gheorghe\/&#8221;][vc_custom_heading text=&#8221;Sf\u00e2ntu Gheorghe&#8221; font_container=&#8221;tag:h3|text_align:center&#8221; use_theme_fonts=&#8221;yes&#8221; css=&#8221;&#8221; link=&#8221;url:%2Fen%2Fsfantu-gheorghe%2F|title:Sf%C3%A2ntu%20Gheorghe&#8221;][\/vc_column][vc_column width=&#8221;1\/2&#8243; offset=&#8221;vc_col-md-2 vc_col-xs-6&#8243; el_class=&#8221;col-udvarhely&#8221;][vc_single_image image=&#8221;2985&#8243; img_size=&#8221;full&#8221; alignment=&#8221;center&#8221; onclick=&#8221;custom_link&#8221; css_animation=&#8221;fadeIn&#8221; css=&#8221;&#8221; image_hovers=&#8221;false&#8221; lazy_loading=&#8221;true&#8221; link=&#8221;\/en\/ordorheiu-secuiesc\/&#8221;][vc_custom_heading text=&#8221;Odorheiu Secuiesc&#8221; font_container=&#8221;tag:h3|text_align:center&#8221; use_theme_fonts=&#8221;yes&#8221; css=&#8221;&#8221; link=&#8221;url:%2Fen%2Fordorheiu-secuiesc%2F|title:Ordorheiu-Secuiesc&#8221;][\/vc_column][\/vc_row][vc_row][vc_column]<style type=\"text\/css\" data-type=\"the7_shortcodes-inline-css\">#default-btn-50b37a058f84b7ab655e9197fd85350e.ico-right-side > i {\n  margin-right: 0px;\n  margin-left: 8px;\n}\n#default-btn-50b37a058f84b7ab655e9197fd85350e > i {\n  margin-right: 8px;\n}\n<\/style><div class=\"btn-align-center\"><a href=\"#\" class=\"default-btn-shortcode dt-btn dt-btn-l link-hover-off open-map \" id=\"default-btn-50b37a058f84b7ab655e9197fd85350e\"><span>Map<\/span><\/a><\/div>[\/vc_column][\/vc_row][\/vc_section][vc_row full_width=&#8221;stretch_row_content&#8221; css=&#8221;.vc_custom_1732571008136{background-color: #c15440 !important;}&#8221; el_class=&#8221;row-home-tagcloud&#8221;][vc_column][vc_wp_tagcloud title=&#8221;&#8221; taxonomy=&#8221;post_tag&#8221;][\/vc_column][\/vc_row][vc_row full_width=&#8221;stretch_row_content&#8221; el_class=&#8221;row-footer-icons&#8221; el_id=&#8221;tevekenysegek&#8221;][vc_column width=&#8221;1\/5&#8243;][\/vc_column][vc_column width=&#8221;1\/5&#8243;][vc_single_image image=&#8221;549&#8243; img_size=&#8221;full&#8221; alignment=&#8221;center&#8221; onclick=&#8221;custom_link&#8221; css=&#8221;&#8221; image_hovers=&#8221;false&#8221; link=&#8221;\/en\/our-masters\/&#8221;][vc_custom_heading text=&#8221;Our masters&#8221; font_container=&#8221;tag:h4|text_align:center&#8221; use_theme_fonts=&#8221;yes&#8221; css=&#8221;&#8221; link=&#8221;url:%2Fen%2Four-masters%2F|title:Our%20masters&#8221;][\/vc_column][vc_column width=&#8221;1\/5&#8243;][vc_single_image image=&#8221;548&#8243; img_size=&#8221;full&#8221; alignment=&#8221;center&#8221; onclick=&#8221;custom_link&#8221; css=&#8221;&#8221; image_hovers=&#8221;false&#8221; link=&#8221;\/en\/audio-materials\/&#8221;][vc_custom_heading text=&#8221;Audio materials&#8221; font_container=&#8221;tag:h4|text_align:center&#8221; use_theme_fonts=&#8221;yes&#8221; css=&#8221;&#8221; link=&#8221;url:%2Fen%2Faudio-materials%2F|title:Audio%20materials&#8221;][\/vc_column][vc_column width=&#8221;1\/5&#8243;][vc_single_image image=&#8221;545&#8243; img_size=&#8221;full&#8221; alignment=&#8221;center&#8221; onclick=&#8221;custom_link&#8221; css=&#8221;&#8221; image_hovers=&#8221;false&#8221; link=&#8221;\/en\/hangorzo-audio-archive\/&#8221;][vc_custom_heading text=&#8221;&#8220;Hang\u0151rz\u0151&#8220; audio archive&#8221; font_container=&#8221;tag:h4|text_align:center&#8221; use_theme_fonts=&#8221;yes&#8221; css=&#8221;&#8221; link=&#8221;url:%2Fen%2Fhangorzo-audio-archive%2F|title:%E2%80%9CHang%C5%91rz%C5%91%E2%80%9D%20audio%20archive&#8221;][\/vc_column][vc_column width=&#8221;1\/5&#8243;][\/vc_column][\/vc_row]<\/p>\n<\/div>","protected":false},"excerpt":{"rendered":"<p>[vc_row el_id=&#8221;homeHero&#8221;][vc_column][\/vc_column][\/vc_row][vc_section][vc_row][vc_column][vc_custom_heading text=&#8221;Discover the Transylvanian Heritage House Foundation&#8217;s network&#8221; font_container=&#8221;tag:h1|text_align:center&#8221; use_theme_fonts=&#8221;yes&#8221; css=&#8221;&#8221;][\/vc_column][\/vc_row][vc_row full_width=&#8221;stretch_row_content&#8221; el_class=&#8221;row-network&#8221;][vc_column width=&#8221;1\/2&#8243; offset=&#8221;vc_col-md-2 vc_col-xs-6&#8243; el_class=&#8221;col-csik&#8221;][vc_single_image image=&#8221;2981&#8243; img_size=&#8221;full&#8221; alignment=&#8221;center&#8221; onclick=&#8221;custom_link&#8221; css_animation=&#8221;fadeIn&#8221; css=&#8221;&#8221; image_hovers=&#8221;false&#8221; lazy_loading=&#8221;true&#8221; link=&#8221;\/en\/miercurea-ciuc\/&#8221;][vc_custom_heading text=&#8221;Miercurea Ciuc&#8221; font_container=&#8221;tag:h3|text_align:center&#8221; use_theme_fonts=&#8221;yes&#8221; css=&#8221;&#8221; link=&#8221;url:%2Fen%2Fmiercurea-ciuc%2F|title:Miercurea%20Ciuc&#8221;][\/vc_column][vc_column width=&#8221;1\/2&#8243; offset=&#8221;vc_col-md-2 vc_col-xs-6&#8243; el_class=&#8221;col-kolozs&#8221;][vc_single_image image=&#8221;2982&#8243; img_size=&#8221;full&#8221; alignment=&#8221;center&#8221; onclick=&#8221;custom_link&#8221; css_animation=&#8221;fadeIn&#8221; css=&#8221;&#8221; image_hovers=&#8221;false&#8221; lazy_loading=&#8221;true&#8221; link=&#8221;\/en\/cluj-napoca\/&#8221;][vc_custom_heading text=&#8221;Cluj Napoca&#8221; font_container=&#8221;tag:h3|text_align:center&#8221; use_theme_fonts=&#8221;yes&#8221; css=&#8221;&#8221; link=&#8221;url:%2Fen%2Fcluj-napoca%2F|title:Cluj%20Napoca&#8221;][\/vc_column][vc_column width=&#8221;1\/2&#8243; offset=&#8221;vc_col-md-2 vc_col-xs-6&#8243;&hellip;<\/p>\n","protected":false},"author":1,"featured_media":0,"parent":0,"menu_order":0,"comment_status":"closed","ping_status":"closed","template":"","meta":{"_acf_changed":false,"inline_featured_image":false,"footnotes":""},"class_list":["post-6079","page","type-page","status-publish","hentry","description-off"],"acf":[],"yoast_head":"<!-- This site is optimized with the Yoast SEO plugin v23.6 - https:\/\/yoast.com\/wordpress\/plugins\/seo\/ -->\n<title>Home - Erd\u00e9lyi Hagyom\u00e1nyok H\u00e1za<\/title>\n<meta name=\"robots\" content=\"index, follow, max-snippet:-1, max-image-preview:large, max-video-preview:-1\" \/>\n<link rel=\"canonical\" href=\"https:\/\/ehh.ro\/en\/\" \/>\n<meta property=\"og:locale\" content=\"en_US\" \/>\n<meta property=\"og:type\" content=\"article\" \/>\n<meta property=\"og:title\" content=\"Home - Erd\u00e9lyi Hagyom\u00e1nyok H\u00e1za\" \/>\n<meta property=\"og:description\" content=\"[vc_row el_id=&#8221;homeHero&#8221;][vc_column][\/vc_column][\/vc_row][vc_section][vc_row][vc_column][vc_custom_heading text=&#8221;Discover the Transylvanian Heritage House Foundation&#8217;s network&#8221; font_container=&#8221;tag:h1|text_align:center&#8221; use_theme_fonts=&#8221;yes&#8221; css=&#8221;&#8221;][\/vc_column][\/vc_row][vc_row full_width=&#8221;stretch_row_content&#8221; el_class=&#8221;row-network&#8221;][vc_column width=&#8221;1\/2&#8243; offset=&#8221;vc_col-md-2 vc_col-xs-6&#8243; el_class=&#8221;col-csik&#8221;][vc_single_image image=&#8221;2981&#8243; img_size=&#8221;full&#8221; alignment=&#8221;center&#8221; onclick=&#8221;custom_link&#8221; css_animation=&#8221;fadeIn&#8221; css=&#8221;&#8221; image_hovers=&#8221;false&#8221; lazy_loading=&#8221;true&#8221; link=&#8221;\/en\/miercurea-ciuc\/&#8221;][vc_custom_heading text=&#8221;Miercurea Ciuc&#8221; font_container=&#8221;tag:h3|text_align:center&#8221; use_theme_fonts=&#8221;yes&#8221; css=&#8221;&#8221; link=&#8221;url:%2Fen%2Fmiercurea-ciuc%2F|title:Miercurea%20Ciuc&#8221;][\/vc_column][vc_column width=&#8221;1\/2&#8243; offset=&#8221;vc_col-md-2 vc_col-xs-6&#8243; el_class=&#8221;col-kolozs&#8221;][vc_single_image image=&#8221;2982&#8243; img_size=&#8221;full&#8221; alignment=&#8221;center&#8221; onclick=&#8221;custom_link&#8221; css_animation=&#8221;fadeIn&#8221; css=&#8221;&#8221; image_hovers=&#8221;false&#8221; lazy_loading=&#8221;true&#8221; link=&#8221;\/en\/cluj-napoca\/&#8221;][vc_custom_heading text=&#8221;Cluj Napoca&#8221; font_container=&#8221;tag:h3|text_align:center&#8221; use_theme_fonts=&#8221;yes&#8221; css=&#8221;&#8221; link=&#8221;url:%2Fen%2Fcluj-napoca%2F|title:Cluj%20Napoca&#8221;][\/vc_column][vc_column width=&#8221;1\/2&#8243; offset=&#8221;vc_col-md-2 vc_col-xs-6&#8243;&hellip;\" \/>\n<meta property=\"og:url\" content=\"https:\/\/ehh.ro\/en\/\" \/>\n<meta property=\"og:site_name\" content=\"Erd\u00e9lyi Hagyom\u00e1nyok H\u00e1za\" \/>\n<meta property=\"article:publisher\" content=\"https:\/\/www.facebook.com\/ErdelyiHagyomanyokHaza\" \/>\n<meta property=\"article:modified_time\" content=\"2025-07-03T09:22:21+00:00\" \/>\n<meta name=\"twitter:card\" content=\"summary_large_image\" \/>\n<meta name=\"twitter:label1\" content=\"Est. reading time\" \/>\n\t<meta name=\"twitter:data1\" content=\"3 minutes\" \/>\n<script type=\"application\/ld+json\" class=\"yoast-schema-graph\">{\"@context\":\"https:\/\/schema.org\",\"@graph\":[{\"@type\":\"WebPage\",\"@id\":\"https:\/\/ehh.ro\/en\/\",\"url\":\"https:\/\/ehh.ro\/en\/\",\"name\":\"Home - Erd\u00e9lyi Hagyom\u00e1nyok H\u00e1za\",\"isPartOf\":{\"@id\":\"https:\/\/ehh.ro\/#website\"},\"datePublished\":\"2025-02-21T11:28:23+00:00\",\"dateModified\":\"2025-07-03T09:22:21+00:00\",\"breadcrumb\":{\"@id\":\"https:\/\/ehh.ro\/en\/#breadcrumb\"},\"inLanguage\":\"en-US\",\"potentialAction\":[{\"@type\":\"ReadAction\",\"target\":[\"https:\/\/ehh.ro\/en\/\"]}]},{\"@type\":\"BreadcrumbList\",\"@id\":\"https:\/\/ehh.ro\/en\/#breadcrumb\",\"itemListElement\":[{\"@type\":\"ListItem\",\"position\":1,\"name\":\"Home\",\"item\":\"https:\/\/ehh.ro\/en\/\"},{\"@type\":\"ListItem\",\"position\":2,\"name\":\"Home\"}]},{\"@type\":\"WebSite\",\"@id\":\"https:\/\/ehh.ro\/#website\",\"url\":\"https:\/\/ehh.ro\/\",\"name\":\"Erd\u00e9lyi Hagyom\u00e1nyok H\u00e1za\",\"description\":\"\",\"publisher\":{\"@id\":\"https:\/\/ehh.ro\/#organization\"},\"potentialAction\":[{\"@type\":\"SearchAction\",\"target\":{\"@type\":\"EntryPoint\",\"urlTemplate\":\"https:\/\/ehh.ro\/?s={search_term_string}\"},\"query-input\":{\"@type\":\"PropertyValueSpecification\",\"valueRequired\":true,\"valueName\":\"search_term_string\"}}],\"inLanguage\":\"en-US\"},{\"@type\":\"Organization\",\"@id\":\"https:\/\/ehh.ro\/#organization\",\"name\":\"Erd\u00e9lyi Hagyom\u00e1nyok H\u00e1za\",\"url\":\"https:\/\/ehh.ro\/\",\"logo\":{\"@type\":\"ImageObject\",\"inLanguage\":\"en-US\",\"@id\":\"https:\/\/ehh.ro\/#\/schema\/logo\/image\/\",\"url\":\"https:\/\/ehh.ro\/wp-content\/uploads\/2024\/10\/favicon-152.png\",\"contentUrl\":\"https:\/\/ehh.ro\/wp-content\/uploads\/2024\/10\/favicon-152.png\",\"width\":152,\"height\":152,\"caption\":\"Erd\u00e9lyi Hagyom\u00e1nyok H\u00e1za\"},\"image\":{\"@id\":\"https:\/\/ehh.ro\/#\/schema\/logo\/image\/\"},\"sameAs\":[\"https:\/\/www.facebook.com\/ErdelyiHagyomanyokHaza\"]}]}<\/script>\n<!-- \/ Yoast SEO plugin. -->","yoast_head_json":{"title":"Home - Erd\u00e9lyi Hagyom\u00e1nyok H\u00e1za","robots":{"index":"index","follow":"follow","max-snippet":"max-snippet:-1","max-image-preview":"max-image-preview:large","max-video-preview":"max-video-preview:-1"},"canonical":"https:\/\/ehh.ro\/en\/","og_locale":"en_US","og_type":"article","og_title":"Home - Erd\u00e9lyi Hagyom\u00e1nyok H\u00e1za","og_description":"[vc_row el_id=&#8221;homeHero&#8221;][vc_column][\/vc_column][\/vc_row][vc_section][vc_row][vc_column][vc_custom_heading text=&#8221;Discover the Transylvanian Heritage House Foundation&#8217;s network&#8221; font_container=&#8221;tag:h1|text_align:center&#8221; use_theme_fonts=&#8221;yes&#8221; css=&#8221;&#8221;][\/vc_column][\/vc_row][vc_row full_width=&#8221;stretch_row_content&#8221; el_class=&#8221;row-network&#8221;][vc_column width=&#8221;1\/2&#8243; offset=&#8221;vc_col-md-2 vc_col-xs-6&#8243; el_class=&#8221;col-csik&#8221;][vc_single_image image=&#8221;2981&#8243; img_size=&#8221;full&#8221; alignment=&#8221;center&#8221; onclick=&#8221;custom_link&#8221; css_animation=&#8221;fadeIn&#8221; css=&#8221;&#8221; image_hovers=&#8221;false&#8221; lazy_loading=&#8221;true&#8221; link=&#8221;\/en\/miercurea-ciuc\/&#8221;][vc_custom_heading text=&#8221;Miercurea Ciuc&#8221; font_container=&#8221;tag:h3|text_align:center&#8221; use_theme_fonts=&#8221;yes&#8221; css=&#8221;&#8221; link=&#8221;url:%2Fen%2Fmiercurea-ciuc%2F|title:Miercurea%20Ciuc&#8221;][\/vc_column][vc_column width=&#8221;1\/2&#8243; offset=&#8221;vc_col-md-2 vc_col-xs-6&#8243; el_class=&#8221;col-kolozs&#8221;][vc_single_image image=&#8221;2982&#8243; img_size=&#8221;full&#8221; alignment=&#8221;center&#8221; onclick=&#8221;custom_link&#8221; css_animation=&#8221;fadeIn&#8221; css=&#8221;&#8221; image_hovers=&#8221;false&#8221; lazy_loading=&#8221;true&#8221; link=&#8221;\/en\/cluj-napoca\/&#8221;][vc_custom_heading text=&#8221;Cluj Napoca&#8221; font_container=&#8221;tag:h3|text_align:center&#8221; use_theme_fonts=&#8221;yes&#8221; css=&#8221;&#8221; link=&#8221;url:%2Fen%2Fcluj-napoca%2F|title:Cluj%20Napoca&#8221;][\/vc_column][vc_column width=&#8221;1\/2&#8243; offset=&#8221;vc_col-md-2 vc_col-xs-6&#8243;&hellip;","og_url":"https:\/\/ehh.ro\/en\/","og_site_name":"Erd\u00e9lyi Hagyom\u00e1nyok H\u00e1za","article_publisher":"https:\/\/www.facebook.com\/ErdelyiHagyomanyokHaza","article_modified_time":"2025-07-03T09:22:21+00:00","twitter_card":"summary_large_image","twitter_misc":{"Est. reading time":"3 minutes"},"schema":{"@context":"https:\/\/schema.org","@graph":[{"@type":"WebPage","@id":"https:\/\/ehh.ro\/en\/","url":"https:\/\/ehh.ro\/en\/","name":"Home - Erd\u00e9lyi Hagyom\u00e1nyok H\u00e1za","isPartOf":{"@id":"https:\/\/ehh.ro\/#website"},"datePublished":"2025-02-21T11:28:23+00:00","dateModified":"2025-07-03T09:22:21+00:00","breadcrumb":{"@id":"https:\/\/ehh.ro\/en\/#breadcrumb"},"inLanguage":"en-US","potentialAction":[{"@type":"ReadAction","target":["https:\/\/ehh.ro\/en\/"]}]},{"@type":"BreadcrumbList","@id":"https:\/\/ehh.ro\/en\/#breadcrumb","itemListElement":[{"@type":"ListItem","position":1,"name":"Home","item":"https:\/\/ehh.ro\/en\/"},{"@type":"ListItem","position":2,"name":"Home"}]},{"@type":"WebSite","@id":"https:\/\/ehh.ro\/#website","url":"https:\/\/ehh.ro\/","name":"Erd\u00e9lyi Hagyom\u00e1nyok H\u00e1za","description":"","publisher":{"@id":"https:\/\/ehh.ro\/#organization"},"potentialAction":[{"@type":"SearchAction","target":{"@type":"EntryPoint","urlTemplate":"https:\/\/ehh.ro\/?s={search_term_string}"},"query-input":{"@type":"PropertyValueSpecification","valueRequired":true,"valueName":"search_term_string"}}],"inLanguage":"en-US"},{"@type":"Organization","@id":"https:\/\/ehh.ro\/#organization","name":"Erd\u00e9lyi Hagyom\u00e1nyok H\u00e1za","url":"https:\/\/ehh.ro\/","logo":{"@type":"ImageObject","inLanguage":"en-US","@id":"https:\/\/ehh.ro\/#\/schema\/logo\/image\/","url":"https:\/\/ehh.ro\/wp-content\/uploads\/2024\/10\/favicon-152.png","contentUrl":"https:\/\/ehh.ro\/wp-content\/uploads\/2024\/10\/favicon-152.png","width":152,"height":152,"caption":"Erd\u00e9lyi Hagyom\u00e1nyok H\u00e1za"},"image":{"@id":"https:\/\/ehh.ro\/#\/schema\/logo\/image\/"},"sameAs":["https:\/\/www.facebook.com\/ErdelyiHagyomanyokHaza"]}]}},"_links":{"self":[{"href":"https:\/\/ehh.ro\/en\/wp-json\/wp\/v2\/pages\/6079","targetHints":{"allow":["GET"]}}],"collection":[{"href":"https:\/\/ehh.ro\/en\/wp-json\/wp\/v2\/pages"}],"about":[{"href":"https:\/\/ehh.ro\/en\/wp-json\/wp\/v2\/types\/page"}],"author":[{"embeddable":true,"href":"https:\/\/ehh.ro\/en\/wp-json\/wp\/v2\/users\/1"}],"replies":[{"embeddable":true,"href":"https:\/\/ehh.ro\/en\/wp-json\/wp\/v2\/comments?post=6079"}],"version-history":[{"count":8,"href":"https:\/\/ehh.ro\/en\/wp-json\/wp\/v2\/pages\/6079\/revisions"}],"predecessor-version":[{"id":7895,"href":"https:\/\/ehh.ro\/en\/wp-json\/wp\/v2\/pages\/6079\/revisions\/7895"}],"wp:attachment":[{"href":"https:\/\/ehh.ro\/en\/wp-json\/wp\/v2\/media?parent=6079"}],"curies":[{"name":"wp","href":"https:\/\/api.w.org\/{rel}","templated":true}]}}